{"id":12,"date":"2025-06-16T16:17:25","date_gmt":"2025-06-16T19:17:25","guid":{"rendered":"http:\/\/duoclean.cl.portalesdenegocios.com\/?page_id=12"},"modified":"2025-07-04T12:08:07","modified_gmt":"2025-07-04T15:08:07","slug":"nosotros","status":"publish","type":"page","link":"https:\/\/www.duoclean.cl\/index.php\/nosotros\/","title":{"rendered":"Nosotros"},"content":{"rendered":"\n[et_pb_section fb_built=\u00bb1&#8243; _builder_version=\u00bb4.27.4&#8243; _module_preset=\u00bbdefault\u00bb background_image=\u00bbhttps:\/\/www.duoclean.cl\/wp-content\/uploads\/2025\/06\/bg-somos.jpg\u00bb background_blend=\u00bbluminosity\u00bb global_colors_info=\u00bb{}\u00bb][et_pb_row _builder_version=\u00bb4.27.4&#8243; _module_preset=\u00bbdefault\u00bb global_colors_info=\u00bb{}\u00bb][et_pb_column type=\u00bb4_4&#8243; _builder_version=\u00bb4.27.4&#8243; _module_preset=\u00bbdefault\u00bb global_colors_info=\u00bb{}\u00bb][et_pb_text _builder_version=\u00bb4.27.4&#8243; _module_preset=\u00bbdefault\u00bb header_font=\u00bbRubik|700||on|||||\u00bb header_text_color=\u00bb#FFFFFF\u00bb header_font_size=\u00bb36px\u00bb header_line_height=\u00bb1.2em\u00bb custom_margin=\u00bb||0px||false|false\u00bb custom_padding=\u00bb||0px||false|false\u00bb global_colors_info=\u00bb{}\u00bb]<h1>Nosotros<\/h1>[\/et_pb_text][et_pb_text _builder_version=\u00bb4.27.4&#8243; _module_preset=\u00bbdefault\u00bb text_font=\u00bbPoppins||||||||\u00bb text_text_color=\u00bb#008dad\u00bb text_font_size=\u00bb20px\u00bb link_text_color=\u00bb#FFFFFF\u00bb global_colors_info=\u00bb{}\u00bb]<p><a href=\"https:\/\/www.duoclean.cl\/\"><span style=\"color: #ffffff;\">Home<\/span><\/a> \/\/ Nosotros<\/p>[\/et_pb_text][\/et_pb_column][\/et_pb_row][\/et_pb_section][et_pb_section fb_built=\u00bb1&#8243; _builder_version=\u00bb4.27.4&#8243; _module_preset=\u00bbdefault\u00bb background_image=\u00bbhttps:\/\/www.duoclean.cl\/wp-content\/uploads\/2025\/06\/bg-Duo-Clean-1.jpg\u00bb global_colors_info=\u00bb{}\u00bb][et_pb_row column_structure=\u00bb1_2,1_2&#8243; _builder_version=\u00bb4.27.4&#8243; _module_preset=\u00bbdefault\u00bb global_colors_info=\u00bb{}\u00bb][et_pb_column type=\u00bb1_2&#8243; _builder_version=\u00bb4.27.4&#8243; _module_preset=\u00bbdefault\u00bb animation_style=\u00bbslide\u00bb animation_direction=\u00bbleft\u00bb global_colors_info=\u00bb{}\u00bb][et_pb_image src=\u00bbhttps:\/\/www.duoclean.cl\/wp-content\/uploads\/2025\/06\/somos-Duo-Clean.jpg\u00bb title_text=\u00bbsomos-Duo-Clean\u00bb _builder_version=\u00bb4.27.4&#8243; _module_preset=\u00bbdefault\u00bb global_colors_info=\u00bb{}\u00bb][\/et_pb_image][\/et_pb_column][et_pb_column type=\u00bb1_2&#8243; _builder_version=\u00bb4.27.4&#8243; _module_preset=\u00bbdefault\u00bb animation_style=\u00bbslide\u00bb animation_direction=\u00bbright\u00bb global_colors_info=\u00bb{}\u00bb][et_pb_text _builder_version=\u00bb4.27.4&#8243; _module_preset=\u00bbdefault\u00bb header_2_font=\u00bbRubik|700|||||||\u00bb header_2_text_color=\u00bb#008dad\u00bb header_2_font_size=\u00bb30px\u00bb header_2_line_height=\u00bb1.2em\u00bb custom_margin=\u00bb||-3px|||\u00bb global_colors_info=\u00bb{}\u00bb]<h2><span style=\"color: #333333;\">Somos<\/span> Duo Clean<\/h2>[\/et_pb_text][et_pb_text _builder_version=\u00bb4.27.4&#8243; _module_preset=\u00bbdefault\u00bb text_font=\u00bbPoppins|300|||||||\u00bb text_font_size=\u00bb16px\u00bb text_line_height=\u00bb1.8em\u00bb custom_padding=\u00bb||11px||false|false\u00bb border_width_bottom=\u00bb4px\u00bb border_color_bottom=\u00bb#008dad\u00bb border_style_bottom=\u00bbdotted\u00bb global_colors_info=\u00bb{}\u00bb]<p>Somos especialistas en limpieza y sanitizaci\u00f3n textil a domicilio, enfocados en eliminar al\u00e9rgenos, \u00e1caros, polvo y manchas de forma profunda y efectiva.<\/p>[\/et_pb_text][et_pb_blurb use_icon=\u00bbon\u00bb font_icon=\u00bb&#x39;||divi||400&#8243; icon_color=\u00bb#FFFFFF\u00bb image_icon_background_color=\u00bb#008dad\u00bb icon_placement=\u00bbleft\u00bb _builder_version=\u00bb4.27.4&#8243; _module_preset=\u00bbdefault\u00bb body_font=\u00bbPoppins||||||||\u00bb body_font_size=\u00bb15px\u00bb body_line_height=\u00bb1.8em\u00bb hover_enabled=\u00bb0&#8243; border_radii_image=\u00bbon|38px|38px|38px|38px\u00bb global_colors_info=\u00bb{}\u00bb sticky_enabled=\u00bb0&#8243;]<p>Utilizamos tecnolog\u00eda alemana HYLA de \u00faltima generaci\u00f3n, libre de qu\u00edmicos agresivos, ideal para personas al\u00e9rgicas, hogares con mascotas o cualquier espacio que busque un ambiente m\u00e1s saludable.<\/p>[\/et_pb_blurb][et_pb_blurb use_icon=\u00bbon\u00bb font_icon=\u00bb&#xf18c;||fa||400&#8243; icon_color=\u00bb#FFFFFF\u00bb image_icon_background_color=\u00bb#008dad\u00bb icon_placement=\u00bbleft\u00bb _builder_version=\u00bb4.27.4&#8243; _module_preset=\u00bbdefault\u00bb body_font=\u00bbPoppins||||||||\u00bb body_font_size=\u00bb15px\u00bb body_line_height=\u00bb1.8em\u00bb image_icon_custom_padding=\u00bb|4px||4px|false|true\u00bb border_radii_image=\u00bbon|38px|38px|38px|38px\u00bb global_colors_info=\u00bb{}\u00bb]<p>Ofrecemos un servicio profesional, eficiente y respetuoso con el medio ambiente, cuidando tanto tu salud como la de tus muebles textiles.<\/p>[\/et_pb_blurb][et_pb_blurb use_icon=\u00bbon\u00bb font_icon=\u00bb&#x39;||divi||400&#8243; icon_color=\u00bb#FFFFFF\u00bb image_icon_background_color=\u00bb#008dad\u00bb icon_placement=\u00bbleft\u00bb _builder_version=\u00bb4.27.4&#8243; _module_preset=\u00bbdefault\u00bb body_font=\u00bbPoppins||||||||\u00bb body_font_size=\u00bb15px\u00bb body_line_height=\u00bb1.8em\u00bb border_radii_image=\u00bbon|38px|38px|38px|38px\u00bb global_colors_info=\u00bb{}\u00bb]<p>Adem\u00e1s, contamos con servicio de arriendo y venta de m\u00e1quinas HYLA, para que puedas mantener tus espacios limpios cuando lo necesites, con la misma calidad y tecnolog\u00eda que usamos en nuestras visitas.<\/p>[\/et_pb_blurb][et_pb_blurb use_icon=\u00bbon\u00bb font_icon=\u00bb&#xf57d;||fa||900&#8243; icon_color=\u00bb#FFFFFF\u00bb image_icon_background_color=\u00bb#008dad\u00bb icon_placement=\u00bbleft\u00bb _builder_version=\u00bb4.27.4&#8243; _module_preset=\u00bbdefault\u00bb body_font=\u00bbPoppins||||||||\u00bb body_font_size=\u00bb15px\u00bb body_line_height=\u00bb1.8em\u00bb border_radii_image=\u00bbon|38px|38px|38px|38px\u00bb global_colors_info=\u00bb{}\u00bb]<p>Nos comprometemos con tu bienestar, la higiene de tu entorno y la protecci\u00f3n del planeta.<\/p>[\/et_pb_blurb][et_pb_button button_text=\u00bbTe ayudamos\u00bb _builder_version=\u00bb4.27.4&#8243; _module_preset=\u00bbdefault\u00bb hover_enabled=\u00bb0&#8243; sticky_enabled=\u00bb0&#8243; custom_button=\u00bbon\u00bb button_bg_color=\u00bb#008dad\u00bb button_bg_enable_color=\u00bbon\u00bb button_text_color=\u00bb#FFFFFF\u00bb button_border_width=\u00bb0px\u00bb button_border_radius=\u00bb39px\u00bb button_font=\u00bbRubik||||||||\u00bb button_text_size=\u00bb18px\u00bb button_icon=\u00bb&#x49;||divi||400&#8243; button_on_hover=\u00bboff\u00bb button_icon_color=\u00bb#1a2a33&#8243; transform_styles__hover_enabled=\u00bbon|desktop\u00bb transform_scale__hover_enabled=\u00bbon|desktop\u00bb transform_translate__hover_enabled=\u00bbon|desktop\u00bb transform_rotate__hover_enabled=\u00bbon|desktop\u00bb transform_skew__hover_enabled=\u00bbon|desktop\u00bb transform_origin__hover_enabled=\u00bbon|desktop\u00bb transform_scale__hover=\u00bb102%|102%\u00bb button_url=\u00bbhttps:\/\/www.duoclean.cl\/index.php\/contacto\/\u00bb][\/et_pb_button][\/et_pb_column][\/et_pb_row][\/et_pb_section]\n","protected":false},"excerpt":{"rendered":"<p>NosotrosHome \/\/ NosotrosSomos Duo CleanSomos especialistas en limpieza y sanitizaci\u00f3n textil a domicilio, enfocados en eliminar al\u00e9rgenos, \u00e1caros, polvo y manchas de forma profunda y efectiva.Utilizamos tecnolog\u00eda alemana HYLA de \u00faltima generaci\u00f3n, libre de qu\u00edmicos agresivos, ideal para personas al\u00e9rgicas, hogares con mascotas o cualquier espacio que busque un ambiente m\u00e1s saludable.Ofrecemos un servicio profesional, [&hellip;]<\/p>\n","protected":false},"author":1,"featured_media":0,"parent":0,"menu_order":0,"comment_status":"closed","ping_status":"closed","template":"","meta":{"_et_pb_use_builder":"on","_et_pb_old_content":"<!-- wp:divi\/placeholder \/-->","_et_gb_content_width":"","footnotes":""},"class_list":["post-12","page","type-page","status-publish","hentry"],"yoast_head":"<!-- This site is optimized with the Yoast SEO plugin v27.3 - https:\/\/yoast.com\/product\/yoast-seo-wordpress\/ -->\n<title>Sanitizaci\u00f3n textil a domicilio - Duo Clean<\/title>\n<meta name=\"description\" content=\"Duo Clean, especialistas en limpieza y sanitizaci\u00f3n textil a domicilio, eliminamos al\u00e9rgenos, \u00e1caros, polvo y manchas de forma profunda y efectiva\" \/>\n<meta name=\"robots\" content=\"index, follow, max-snippet:-1, max-image-preview:large, max-video-preview:-1\" \/>\n<link rel=\"canonical\" href=\"https:\/\/www.duoclean.cl\/index.php\/nosotros\/\" \/>\n<meta property=\"og:locale\" content=\"es_ES\" \/>\n<meta property=\"og:type\" content=\"article\" \/>\n<meta property=\"og:title\" content=\"Sanitizaci\u00f3n textil a domicilio - Duo Clean\" \/>\n<meta property=\"og:description\" content=\"Duo Clean, especialistas en limpieza y sanitizaci\u00f3n textil a domicilio, eliminamos al\u00e9rgenos, \u00e1caros, polvo y manchas de forma profunda y efectiva\" \/>\n<meta property=\"og:url\" content=\"https:\/\/www.duoclean.cl\/index.php\/nosotros\/\" \/>\n<meta property=\"og:site_name\" content=\"duocleancl\" \/>\n<meta property=\"article:modified_time\" content=\"2025-07-04T15:08:07+00:00\" \/>\n<meta name=\"twitter:card\" content=\"summary_large_image\" \/>\n<meta name=\"twitter:label1\" content=\"Tiempo de lectura\" \/>\n\t<meta name=\"twitter:data1\" content=\"1 minuto\" \/>\n<script type=\"application\/ld+json\" class=\"yoast-schema-graph\">{\"@context\":\"https:\\\/\\\/schema.org\",\"@graph\":[{\"@type\":\"WebPage\",\"@id\":\"https:\\\/\\\/www.duoclean.cl\\\/index.php\\\/nosotros\\\/\",\"url\":\"https:\\\/\\\/www.duoclean.cl\\\/index.php\\\/nosotros\\\/\",\"name\":\"Sanitizaci\u00f3n textil a domicilio - Duo Clean\",\"isPartOf\":{\"@id\":\"https:\\\/\\\/www.duoclean.cl\\\/#website\"},\"datePublished\":\"2025-06-16T19:17:25+00:00\",\"dateModified\":\"2025-07-04T15:08:07+00:00\",\"description\":\"Duo Clean, especialistas en limpieza y sanitizaci\u00f3n textil a domicilio, eliminamos al\u00e9rgenos, \u00e1caros, polvo y manchas de forma profunda y efectiva\",\"breadcrumb\":{\"@id\":\"https:\\\/\\\/www.duoclean.cl\\\/index.php\\\/nosotros\\\/#breadcrumb\"},\"inLanguage\":\"es\",\"potentialAction\":[{\"@type\":\"ReadAction\",\"target\":[\"https:\\\/\\\/www.duoclean.cl\\\/index.php\\\/nosotros\\\/\"]}]},{\"@type\":\"BreadcrumbList\",\"@id\":\"https:\\\/\\\/www.duoclean.cl\\\/index.php\\\/nosotros\\\/#breadcrumb\",\"itemListElement\":[{\"@type\":\"ListItem\",\"position\":1,\"name\":\"Portada\",\"item\":\"https:\\\/\\\/www.duoclean.cl\\\/\"},{\"@type\":\"ListItem\",\"position\":2,\"name\":\"Nosotros\"}]},{\"@type\":\"WebSite\",\"@id\":\"https:\\\/\\\/www.duoclean.cl\\\/#website\",\"url\":\"https:\\\/\\\/www.duoclean.cl\\\/\",\"name\":\"duocleancl\",\"description\":\"\",\"potentialAction\":[{\"@type\":\"SearchAction\",\"target\":{\"@type\":\"EntryPoint\",\"urlTemplate\":\"https:\\\/\\\/www.duoclean.cl\\\/?s={search_term_string}\"},\"query-input\":{\"@type\":\"PropertyValueSpecification\",\"valueRequired\":true,\"valueName\":\"search_term_string\"}}],\"inLanguage\":\"es\"}]}<\/script>\n<!-- \/ Yoast SEO plugin. -->","yoast_head_json":{"title":"Sanitizaci\u00f3n textil a domicilio - Duo Clean","description":"Duo Clean, especialistas en limpieza y sanitizaci\u00f3n textil a domicilio, eliminamos al\u00e9rgenos, \u00e1caros, polvo y manchas de forma profunda y efectiva","robots":{"index":"index","follow":"follow","max-snippet":"max-snippet:-1","max-image-preview":"max-image-preview:large","max-video-preview":"max-video-preview:-1"},"canonical":"https:\/\/www.duoclean.cl\/index.php\/nosotros\/","og_locale":"es_ES","og_type":"article","og_title":"Sanitizaci\u00f3n textil a domicilio - Duo Clean","og_description":"Duo Clean, especialistas en limpieza y sanitizaci\u00f3n textil a domicilio, eliminamos al\u00e9rgenos, \u00e1caros, polvo y manchas de forma profunda y efectiva","og_url":"https:\/\/www.duoclean.cl\/index.php\/nosotros\/","og_site_name":"duocleancl","article_modified_time":"2025-07-04T15:08:07+00:00","twitter_card":"summary_large_image","twitter_misc":{"Tiempo de lectura":"1 minuto"},"schema":{"@context":"https:\/\/schema.org","@graph":[{"@type":"WebPage","@id":"https:\/\/www.duoclean.cl\/index.php\/nosotros\/","url":"https:\/\/www.duoclean.cl\/index.php\/nosotros\/","name":"Sanitizaci\u00f3n textil a domicilio - Duo Clean","isPartOf":{"@id":"https:\/\/www.duoclean.cl\/#website"},"datePublished":"2025-06-16T19:17:25+00:00","dateModified":"2025-07-04T15:08:07+00:00","description":"Duo Clean, especialistas en limpieza y sanitizaci\u00f3n textil a domicilio, eliminamos al\u00e9rgenos, \u00e1caros, polvo y manchas de forma profunda y efectiva","breadcrumb":{"@id":"https:\/\/www.duoclean.cl\/index.php\/nosotros\/#breadcrumb"},"inLanguage":"es","potentialAction":[{"@type":"ReadAction","target":["https:\/\/www.duoclean.cl\/index.php\/nosotros\/"]}]},{"@type":"BreadcrumbList","@id":"https:\/\/www.duoclean.cl\/index.php\/nosotros\/#breadcrumb","itemListElement":[{"@type":"ListItem","position":1,"name":"Portada","item":"https:\/\/www.duoclean.cl\/"},{"@type":"ListItem","position":2,"name":"Nosotros"}]},{"@type":"WebSite","@id":"https:\/\/www.duoclean.cl\/#website","url":"https:\/\/www.duoclean.cl\/","name":"duocleancl","description":"","potentialAction":[{"@type":"SearchAction","target":{"@type":"EntryPoint","urlTemplate":"https:\/\/www.duoclean.cl\/?s={search_term_string}"},"query-input":{"@type":"PropertyValueSpecification","valueRequired":true,"valueName":"search_term_string"}}],"inLanguage":"es"}]}},"_links":{"self":[{"href":"https:\/\/www.duoclean.cl\/index.php\/wp-json\/wp\/v2\/pages\/12","targetHints":{"allow":["GET"]}}],"collection":[{"href":"https:\/\/www.duoclean.cl\/index.php\/wp-json\/wp\/v2\/pages"}],"about":[{"href":"https:\/\/www.duoclean.cl\/index.php\/wp-json\/wp\/v2\/types\/page"}],"author":[{"embeddable":true,"href":"https:\/\/www.duoclean.cl\/index.php\/wp-json\/wp\/v2\/users\/1"}],"replies":[{"embeddable":true,"href":"https:\/\/www.duoclean.cl\/index.php\/wp-json\/wp\/v2\/comments?post=12"}],"version-history":[{"count":6,"href":"https:\/\/www.duoclean.cl\/index.php\/wp-json\/wp\/v2\/pages\/12\/revisions"}],"predecessor-version":[{"id":262,"href":"https:\/\/www.duoclean.cl\/index.php\/wp-json\/wp\/v2\/pages\/12\/revisions\/262"}],"wp:attachment":[{"href":"https:\/\/www.duoclean.cl\/index.php\/wp-json\/wp\/v2\/media?parent=12"}],"curies":[{"name":"wp","href":"https:\/\/api.w.org\/{rel}","templated":true}]}}