{"id":16,"date":"2025-06-16T16:18:34","date_gmt":"2025-06-16T19:18:34","guid":{"rendered":"http:\/\/duoclean.cl.portalesdenegocios.com\/?page_id=16"},"modified":"2025-07-04T12:11:47","modified_gmt":"2025-07-04T15:11:47","slug":"venta-y-arriendo","status":"publish","type":"page","link":"https:\/\/www.duoclean.cl\/index.php\/venta-y-arriendo\/","title":{"rendered":"Venta y Arriendo"},"content":{"rendered":"\n[et_pb_section fb_built=\u00bb1&#8243; _builder_version=\u00bb4.27.4&#8243; _module_preset=\u00bbdefault\u00bb background_image=\u00bbhttps:\/\/www.duoclean.cl\/wp-content\/uploads\/2025\/06\/bg-somos.jpg\u00bb background_blend=\u00bbluminosity\u00bb global_colors_info=\u00bb{}\u00bb][et_pb_row _builder_version=\u00bb4.27.4&#8243; _module_preset=\u00bbdefault\u00bb global_colors_info=\u00bb{}\u00bb][et_pb_column type=\u00bb4_4&#8243; _builder_version=\u00bb4.27.4&#8243; _module_preset=\u00bbdefault\u00bb global_colors_info=\u00bb{}\u00bb][et_pb_text _builder_version=\u00bb4.27.4&#8243; _module_preset=\u00bbdefault\u00bb header_font=\u00bbRubik|700||on|||||\u00bb header_text_color=\u00bb#FFFFFF\u00bb header_font_size=\u00bb36px\u00bb header_line_height=\u00bb1.2em\u00bb custom_margin=\u00bb||0px||false|false\u00bb custom_padding=\u00bb||0px||false|false\u00bb global_colors_info=\u00bb{}\u00bb]<h1>VENTA Y ARRIENDO<\/h1>[\/et_pb_text][et_pb_text _builder_version=\u00bb4.27.4&#8243; _module_preset=\u00bbdefault\u00bb text_font=\u00bbPoppins||||||||\u00bb text_text_color=\u00bb#008dad\u00bb text_font_size=\u00bb20px\u00bb link_text_color=\u00bb#FFFFFF\u00bb global_colors_info=\u00bb{}\u00bb]<p><a href=\"https:\/\/www.duoclean.cl\/\"><span style=\"color: #ffffff;\">Home<\/span><\/a> \/\/ Venta y arriendo<\/p>[\/et_pb_text][\/et_pb_column][\/et_pb_row][\/et_pb_section][et_pb_section fb_built=\u00bb1&#8243; _builder_version=\u00bb4.27.4&#8243; _module_preset=\u00bbdefault\u00bb background_image=\u00bbhttps:\/\/www.duoclean.cl\/wp-content\/uploads\/2025\/06\/bg-Duo-Clean-1.jpg\u00bb global_colors_info=\u00bb{}\u00bb][et_pb_row _builder_version=\u00bb4.27.4&#8243; _module_preset=\u00bbdefault\u00bb global_colors_info=\u00bb{}\u00bb][et_pb_column type=\u00bb4_4&#8243; _builder_version=\u00bb4.27.4&#8243; _module_preset=\u00bbdefault\u00bb global_colors_info=\u00bb{}\u00bb][et_pb_text _builder_version=\u00bb4.27.4&#8243; _module_preset=\u00bbdefault\u00bb header_2_font=\u00bbRubik|700|||||||\u00bb header_2_text_color=\u00bb#008dad\u00bb header_2_font_size=\u00bb30px\u00bb header_2_line_height=\u00bb1.2em\u00bb custom_margin=\u00bb||-3px|||\u00bb global_colors_info=\u00bb{}\u00bb]<h2 style=\"text-align: center;\"><span style=\"color: #333333;\">ASPIRADORA<\/span> HYLA<\/h2>[\/et_pb_text][\/et_pb_column][\/et_pb_row][et_pb_row column_structure=\u00bb1_2,1_2&#8243; make_equal=\u00bbon\u00bb _builder_version=\u00bb4.27.4&#8243; _module_preset=\u00bbdefault\u00bb global_colors_info=\u00bb{}\u00bb][et_pb_column type=\u00bb1_2&#8243; _builder_version=\u00bb4.27.4&#8243; _module_preset=\u00bbdefault\u00bb background_color=\u00bb#FFFFFF\u00bb custom_padding=\u00bb3%|3%|3%|3%|true|true\u00bb border_radii=\u00bbon|12px|12px|12px|12px\u00bb border_width_bottom=\u00bb6px\u00bb border_color_bottom=\u00bb#035061&#8243; box_shadow_style=\u00bbpreset3&#8243; global_colors_info=\u00bb{}\u00bb][et_pb_blurb title=\u00bbVenta\u00bb image=\u00bbhttps:\/\/www.duoclean.cl\/wp-content\/uploads\/2025\/06\/etiqueta-de-precio.png\u00bb _builder_version=\u00bb4.27.4&#8243; _module_preset=\u00bbdefault\u00bb header_font=\u00bbRubik|800|||||||\u00bb header_text_align=\u00bbcenter\u00bb header_font_size=\u00bb24px\u00bb body_font=\u00bbPoppins|300|||||||\u00bb body_text_color=\u00bb#035061&#8243; global_colors_info=\u00bb{}\u00bb]<p style=\"text-align: center;\">Contamos con el servicio de venta para quienes deseen comprar la m\u00e1quina a trav\u00e9s de nuestro agente autorizado, sin comisiones adicionales o costos de env\u00edo, con varias formas y opciones de pago, adem\u00e1s de nuestra asesor\u00eda constante. Por la compra de tu HYLA \u00a1Te regalaremos un accesorio adicional!<\/p>[\/et_pb_blurb][et_pb_code _builder_version=\u00bb4.27.4&#8243; _module_preset=\u00bbdefault\u00bb global_colors_info=\u00bb{}\u00bb]<style id=\"wp_carousel_dynamic_css139\">.sp-wp-carousel-free-id-139.wpcf-fancybox-wrapper .fancybox-bg{background: #0b0b0b;opacity: 0.8;}.sp-wp-carousel-free-id-139.wpcf-fancybox-wrapper .fancybox-navigation .fancybox-button .wpcp-fancybox-nav-arrow i {color: #ccc;}.sp-wp-carousel-free-id-139.wpcf-fancybox-wrapper .fancybox-navigation .fancybox-button .wpcp-fancybox-nav-arrow i:hover {color: #fff;}.sp-wp-carousel-free-id-139.wpcf-fancybox-wrapper .fancybox-navigation .fancybox-button {background: #1e1e1e;}.sp-wp-carousel-free-id-139.wpcf-fancybox-wrapper .fancybox-navigation .fancybox-button:hover {background: #1e1e1e;}#sp-wp-carousel-free-id-139 .wpcp-swiper-dots {margin: 40px 0px 0px 0px;}.wpcp-wrapper-139 .swiper-wrapper .swiper-slide-kenburn, .wpcp-wrapper-139 .swiper-wrapper, .wpcp-wrapper-139 .wpcpro-row{align-items: center;}#sp-wp-carousel-free-id-139 .wpcp-single-item {box-shadow: 0px 0px 0px 0px #dddddd;transition: all .3s;margin: 0px;}#sp-wp-carousel-free-id-139.swiper-flip .wpcp-single-item{margin: 0!important;}#sp-wp-carousel-free-id-139 .wpcp-single-item:hover {box-shadow: 0px 0px 0px 0px #dddddd;}#sp-wp-carousel-free-id-139.sp-wpcp-139 .wpcp-single-item {border: 1px solid #dddddd;}#sp-wp-carousel-free-id-139.wpcp-carousel-section.sp-wpcp-139 .swiper-button-prev,#sp-wp-carousel-free-id-139.wpcp-carousel-section.sp-wpcp-139 .swiper-button-next,#sp-wp-carousel-free-id-139.wpcp-carousel-section.sp-wpcp-139 .swiper-button-prev:hover,#sp-wp-carousel-free-id-139.wpcp-carousel-section.sp-wpcp-139 .swiper-button-next:hover {font-size: 18px ; font-weight: 400;}#sp-wp-carousel-free-id-139.sp-wpcp-139 .swiper-button-prev,#sp-wp-carousel-free-id-139.sp-wpcp-139 .swiper-button-next,#sp-wp-carousel-free-id-139.sp-wpcp-139 .swiper-button-prev:hover,#sp-wp-carousel-free-id-139.sp-wpcp-139 .swiper-button-next:hover {background: none;border: none;font-size: 30px;}#sp-wp-carousel-free-id-139.sp-wpcp-139 .swiper-button-prev i,#sp-wp-carousel-free-id-139.sp-wpcp-139 .swiper-button-next i {color: #aaa;}#sp-wp-carousel-free-id-139.sp-wpcp-139 .swiper-button-prev i:hover,#sp-wp-carousel-free-id-139.sp-wpcp-139 .swiper-button-next i:hover {color: #008dad;}#sp-wp-carousel-free-id-139.sp-wpcp-139 .wpcp-swiper-dots .swiper-pagination-bullet {background-color: #cccccc;}#sp-wp-carousel-free-id-139.sp-wpcp-139 .wpcp-swiper-dots .swiper-pagination-bullet.swiper-pagination-bullet-active {background-color: #008dad;} #sp-wp-carousel-free-id-139.sp-wpcp-139.wpcp-image-carousel .wpcp-single-item:hover img, #sp-wp-carousel-free-id-139.sp-wpcp-139.wpcp-post-carousel .wpcp-single-item:hover img, #sp-wp-carousel-free-id-139.sp-wpcp-139.wpcp-product-carousel .wpcp-single-item:hover img{-webkit-transform: scale(1.2);-moz-transform: scale(1.2);transform: scale(1.2);}#sp-wp-carousel-free-id-139 .wpcpro-row>[class*=\"wpcpro-col-\"] { padding: 0 10px; padding-bottom: 20px;} #sp-wp-carousel-free-id-139 .swiper-slide .single-item-fade:not(:last-child) { margin-right: 20px;}@media (min-width: 480px) { .wpcpro-row .wpcpro-col-sm-1 { flex: 0 0 100%; max-width: 100%; } .wpcpro-row .wpcpro-col-sm-2 { flex: 0 0 50%; max-width: 50%; } .wpcpro-row .wpcpro-col-sm-2-5 { flex: 0 0 75%; max-width: 75%; } .wpcpro-row .wpcpro-col-sm-3 { flex: 0 0 33.333%; max-width: 33.333%; } .wpcpro-row .wpcpro-col-sm-4 { flex: 0 0 25%; max-width: 25%; } .wpcpro-row .wpcpro-col-sm-5 { flex: 0 0 20%; max-width: 20%; } .wpcpro-row .wpcpro-col-sm-6 { flex: 0 0 16.66666666666667%; max-width: 16.66666666666667%; } .wpcpro-row .wpcpro-col-sm-7 { flex: 0 0 14.28571428%; max-width: 14.28571428%; } .wpcpro-row .wpcpro-col-sm-8 { flex: 0 0 12.5%; max-width: 12.5%; } } @media (max-width: 480px) { .wpcpro-row .wpcpro-col-xs-1 { flex: 0 0 100%; max-width: 100%; } .wpcpro-row .wpcpro-col-xs-2 { flex: 0 0 50%; max-width: 50%; } .wpcpro-row .wpcpro-col-xs-3 { flex: 0 0 33.222%; max-width: 33.222%; } .wpcpro-row .wpcpro-col-xs-4 { flex: 0 0 25%; max-width: 25%; } .wpcpro-row .wpcpro-col-xs-5 { flex: 0 0 20%; max-width: 20%; } .wpcpro-row .wpcpro-col-xs-6 { flex: 0 0 16.6667%; max-width: 16.6667%; } .wpcpro-row .wpcpro-col-xs-7 { flex: 0 0 14.28571428%; max-width: 14.28571428%; } .wpcpro-row .wpcpro-col-xs-8 { flex: 0 0 12.5%; max-width: 12.5%; } } @media (min-width: 736px) { .wpcpro-row .wpcpro-col-md-1 { flex: 0 0 100%; max-width: 100%; } .wpcpro-row .wpcpro-col-md-2 { flex: 0 0 50%; max-width: 50%; } .wpcpro-row .wpcpro-col-md-2-5 { flex: 0 0 75%; max-width: 75%; } .wpcpro-row .wpcpro-col-md-3 { flex: 0 0 33.333%; max-width: 33.333%; } .wpcpro-row .wpcpro-col-md-4 { flex: 0 0 25%; max-width: 25%; } .wpcpro-row .wpcpro-col-md-5 { flex: 0 0 20%; max-width: 20%; } .wpcpro-row .wpcpro-col-md-6 { flex: 0 0 16.66666666666667%; max-width: 16.66666666666667%; } .wpcpro-row .wpcpro-col-md-7 { flex: 0 0 14.28571428%; max-width: 14.28571428%; } .wpcpro-row .wpcpro-col-md-8 { flex: 0 0 12.5%; max-width: 12.5%; } } @media (min-width: 980px) { .wpcpro-row .wpcpro-col-lg-1 { flex: 0 0 100%; max-width: 100%; } .wpcpro-row .wpcpro-col-lg-2 { flex: 0 0 50%; max-width: 50%; } .wpcpro-row .wpcpro-col-lg-3 { flex: 0 0 33.222%; max-width: 33.222%; } .wpcpro-row .wpcpro-col-lg-4 { flex: 0 0 25%; max-width: 25%; } .wpcpro-row .wpcpro-col-lg-5 { flex: 0 0 20%; max-width: 20%; } .wpcpro-row .wpcpro-col-lg-6 { flex: 0 0 16.6667%; max-width: 16.6667%; } .wpcpro-row .wpcpro-col-lg-7 { flex: 0 0 14.28571428%; max-width: 14.28571428%; } .wpcpro-row .wpcpro-col-lg-8 { flex: 0 0 12.5%; max-width: 12.5%; } } @media (min-width: 1200px) { .wpcpro-row .wpcpro-col-xl-1 { flex: 0 0 100%; max-width: 100%; } .wpcpro-row .wpcpro-col-xl-2 { flex: 0 0 50%; max-width: 50%; } .wpcpro-row .wpcpro-col-xl-3 { flex: 0 0 33.22222222%; max-width: 33.22222222%; } .wpcpro-row .wpcpro-col-xl-4 { flex: 0 0 25%; max-width: 25%; } .wpcpro-row .wpcpro-col-xl-5 { flex: 0 0 20%; max-width: 20%; } .wpcpro-row .wpcpro-col-xl-6 { flex: 0 0 16.66667%; max-width: 16.66667%; } .wpcpro-row .wpcpro-col-xl-7 { flex: 0 0 14.28571428%; max-width: 14.28571428%; } .wpcpro-row .wpcpro-col-xl-8 { flex: 0 0 12.5%; max-width: 12.5%; } }<\/style><div class=\"wpcp-carousel-wrapper wpcp-wrapper-139\">\n\t<div id=\"wpcp-preloader-139\" class=\"wpcp-carousel-preloader\"><img decoding=\"async\" src=\"https:\/\/www.duoclean.cl\/wp-content\/plugins\/wp-carousel-free\/public\/css\/spinner.svg\" alt=\"Preloader Image\" \/><\/div>\t<div class=\"wpcp-carousel-content-wrapper\">\n\t<div id=\"sp-wp-carousel-free-id-139\" class=\"wpcp-carousel-section sp-wpcp-139  nav-vertical-center wpcp-image-carousel wpcp-preloader wpcp-standard\" data-swiper='{ &quot;pagination_type&quot;: &quot;dots&quot;,&quot;accessibility&quot;:true, &quot;spaceBetween&quot;:20, &quot;arrows&quot;:true, &quot;freeMode&quot;: false, &quot;autoplay&quot;:true, &quot;effect&quot;: &quot;&quot;, &quot;centerMode&quot;: false, &quot;autoplaySpeed&quot;:3000, &quot;dots&quot;:true, &quot;infinite&quot;:true, &quot;speed&quot;:600, &quot;pauseOnHover&quot;:true,\n\t\t\t&quot;slidesToShow&quot;:{&quot;lg_desktop&quot;:1, &quot;desktop&quot;: 1, &quot;laptop&quot;: 1, &quot;tablet&quot;: 1, &quot;mobile&quot;: 1}, &quot;responsive&quot;:{&quot;desktop&quot;:1200, &quot;laptop&quot;: 980, &quot;tablet&quot;: 736, &quot;mobile&quot;: 480}, &quot;rtl&quot;:false, &quot;lazyLoad&quot;: &quot;false&quot;, &quot;swipe&quot;: true, &quot;draggable&quot;: true, &quot;swipeToSlide&quot;:false }' dir=\"ltr\">\n\t\t<div class=\"swiper-wrapper\">\n\t\t<div class=\"swiper-slide\">\n\t<div class=\"wpcp-single-item\">\n\t\t\t<a class=\"wcp-light-box\" data-buttons='[\"close\"]' data-wpc_url='https:\/\/www.duoclean.cl\/wp-content\/uploads\/2025\/06\/Duoclean_infografia-salud-2.jpg' href=\"https:\/\/www.duoclean.cl\/wp-content\/uploads\/2025\/06\/Duoclean_infografia-salud-2.jpg\" data-fancybox=\"wpcp_view\">\n\t\t<figure>\n\t\t\t<img loading=\"lazy\" decoding=\"async\" class=\"skip-lazy\" src=\"https:\/\/www.duoclean.cl\/wp-content\/uploads\/2025\/06\/Duoclean_infografia-salud-2.jpg\" alt=\"Duo Clean\" width=\"1000\" height=\"1047\">\t\t<\/figure>\n\t<\/a>\n\t\t<\/div>\n<\/div>\n\t<div class=\"swiper-slide\">\n\t<div class=\"wpcp-single-item\">\n\t\t\t<a class=\"wcp-light-box\" data-buttons='[\"close\"]' data-wpc_url='https:\/\/www.duoclean.cl\/wp-content\/uploads\/2025\/06\/Duoclean_infografia-salud-3.jpg' href=\"https:\/\/www.duoclean.cl\/wp-content\/uploads\/2025\/06\/Duoclean_infografia-salud-3.jpg\" data-fancybox=\"wpcp_view\">\n\t\t<figure>\n\t\t\t<img loading=\"lazy\" decoding=\"async\" class=\"skip-lazy\" src=\"https:\/\/www.duoclean.cl\/wp-content\/uploads\/2025\/06\/Duoclean_infografia-salud-3.jpg\" alt=\"Duo Clean\" width=\"1000\" height=\"1047\">\t\t<\/figure>\n\t<\/a>\n\t\t<\/div>\n<\/div>\n\t<div class=\"swiper-slide\">\n\t<div class=\"wpcp-single-item\">\n\t\t\t<a class=\"wcp-light-box\" data-buttons='[\"close\"]' data-wpc_url='https:\/\/www.duoclean.cl\/wp-content\/uploads\/2025\/06\/Duoclean_infografia-salud-4.jpg' href=\"https:\/\/www.duoclean.cl\/wp-content\/uploads\/2025\/06\/Duoclean_infografia-salud-4.jpg\" data-fancybox=\"wpcp_view\">\n\t\t<figure>\n\t\t\t<img loading=\"lazy\" decoding=\"async\" class=\"skip-lazy\" src=\"https:\/\/www.duoclean.cl\/wp-content\/uploads\/2025\/06\/Duoclean_infografia-salud-4.jpg\" alt=\"Duo Clean\" width=\"1000\" height=\"1047\">\t\t<\/figure>\n\t<\/a>\n\t\t<\/div>\n<\/div>\n\t\t\t<\/div>\n\t\t\t\t\t<div class=\"wpcp-swiper-dots swiper-pagination\"><\/div>\n\t\t\t\t<!-- If we need navigation buttons -->\n\t\t\t\t\t<div class=\"wpcp-prev-button swiper-button-prev\"><i class=\"fa fa-angle-left\"><\/i><\/div>\n\t\t\t<div class=\"wpcp-next-button swiper-button-next\"><i class=\"fa fa-angle-right\"><\/i><\/div>\n\t\t\t<\/div>\n\t<\/div>\n<\/div>\n[\/et_pb_code][et_pb_button button_url=\u00bbhttps:\/\/www.duoclean.cl\/index.php\/contacto\/\u00bb button_text=\u00bb\u00a1Venta!\u00bb button_alignment=\u00bbcenter\u00bb _builder_version=\u00bb4.27.4&#8243; _module_preset=\u00bbdefault\u00bb custom_button=\u00bbon\u00bb button_text_size=\u00bb18px\u00bb button_text_color=\u00bb#FFFFFF\u00bb button_bg_color=\u00bb#008dad\u00bb button_border_width=\u00bb0px\u00bb button_border_radius=\u00bb39px\u00bb button_font=\u00bbRubik||||||||\u00bb button_icon=\u00bb&#x49;||divi||400&#8243; button_icon_color=\u00bb#1a2a33&#8243; button_on_hover=\u00bboff\u00bb custom_margin=\u00bb101px||||false|false\u00bb hover_enabled=\u00bb0&#8243; global_colors_info=\u00bb{}\u00bb transform_styles__hover_enabled=\u00bbon|desktop\u00bb transform_scale__hover_enabled=\u00bbon|desktop\u00bb transform_translate__hover_enabled=\u00bbon|desktop\u00bb transform_rotate__hover_enabled=\u00bbon|desktop\u00bb transform_skew__hover_enabled=\u00bbon|desktop\u00bb transform_origin__hover_enabled=\u00bbon|desktop\u00bb transform_scale__hover=\u00bb102%|102%\u00bb sticky_enabled=\u00bb0&#8243;][\/et_pb_button][\/et_pb_column][et_pb_column type=\u00bb1_2&#8243; _builder_version=\u00bb4.27.4&#8243; _module_preset=\u00bbdefault\u00bb background_color=\u00bb#FFFFFF\u00bb custom_padding=\u00bb3%|3%|3%|3%|true|true\u00bb border_radii=\u00bbon|12px|12px|12px|12px\u00bb border_width_bottom=\u00bb6px\u00bb border_color_bottom=\u00bb#035061&#8243; box_shadow_style=\u00bbpreset3&#8243; global_colors_info=\u00bb{}\u00bb][et_pb_blurb title=\u00bbArriendo\u00bb image=\u00bbhttps:\/\/www.duoclean.cl\/wp-content\/uploads\/2025\/06\/alquilar.png\u00bb _builder_version=\u00bb4.27.4&#8243; _module_preset=\u00bbdefault\u00bb header_font=\u00bbRubik|800|||||||\u00bb header_text_align=\u00bbcenter\u00bb header_font_size=\u00bb24px\u00bb body_font=\u00bbPoppins|300|||||||\u00bb body_text_color=\u00bb#035061&#8243; global_colors_info=\u00bb{}\u00bb]<p style=\"text-align: center;\">Contamos con el servicio de arriendo de la m\u00e1quina HYLA, ideal para quienes prefieren organizarse y realizar personalmente un aseo profundo en su hogar.<br \/>Puedes arrendarla por 24 o 48 horas, seg\u00fan tus necesidades.<br \/>Incluye:<br \/>M\u00e1quina HYLA lista para usar.<br \/>Capacitaci\u00f3n al momento de entregar la m\u00e1quina, demo de 15 minutos \u00a1no necesitas m\u00e1s!<br \/>Una soluci\u00f3n pr\u00e1ctica, efectiva y accesible para lograr una limpieza profesional en casa, a tu propio ritmo.<\/p>[\/et_pb_blurb][et_pb_video src=\u00bbhttps:\/\/www.duoclean.cl\/wp-content\/uploads\/2025\/06\/DC-Insta-historias-destacadas_precios-Arriendo.mp4&#8243; _builder_version=\u00bb4.27.4&#8243; _module_preset=\u00bbdefault\u00bb custom_margin=\u00bb|8%||8%|false|true\u00bb global_colors_info=\u00bb{}\u00bb][\/et_pb_video][et_pb_button button_url=\u00bbhttps:\/\/www.duoclean.cl\/index.php\/contacto\/\u00bb button_text=\u00bb\u00a1Arriendo!\u00bb button_alignment=\u00bbcenter\u00bb _builder_version=\u00bb4.27.4&#8243; _module_preset=\u00bbdefault\u00bb custom_button=\u00bbon\u00bb button_text_size=\u00bb18px\u00bb button_text_color=\u00bb#FFFFFF\u00bb button_bg_color=\u00bb#008dad\u00bb button_border_width=\u00bb0px\u00bb button_border_radius=\u00bb39px\u00bb button_font=\u00bbRubik||||||||\u00bb button_icon=\u00bb&#x49;||divi||400&#8243; button_icon_color=\u00bb#1a2a33&#8243; button_on_hover=\u00bboff\u00bb global_colors_info=\u00bb{}\u00bb transform_styles__hover_enabled=\u00bbon|desktop\u00bb transform_scale__hover_enabled=\u00bbon|desktop\u00bb transform_translate__hover_enabled=\u00bbon|desktop\u00bb transform_rotate__hover_enabled=\u00bbon|desktop\u00bb transform_skew__hover_enabled=\u00bbon|desktop\u00bb transform_origin__hover_enabled=\u00bbon|desktop\u00bb transform_scale__hover=\u00bb102%|102%\u00bb][\/et_pb_button][\/et_pb_column][\/et_pb_row][\/et_pb_section]\n","protected":false},"excerpt":{"rendered":"<p>VENTA Y ARRIENDOHome \/\/ Venta y arriendoASPIRADORA HYLAContamos con el servicio de venta para quienes deseen comprar la m\u00e1quina a trav\u00e9s de nuestro agente autorizado, sin comisiones adicionales o costos de env\u00edo, con varias formas y opciones de pago, adem\u00e1s de nuestra asesor\u00eda constante. Por la compra de tu HYLA \u00a1Te regalaremos un accesorio adicional!<\/p>\n","protected":false},"author":1,"featured_media":0,"parent":0,"menu_order":0,"comment_status":"closed","ping_status":"closed","template":"","meta":{"_et_pb_use_builder":"on","_et_pb_old_content":"<!-- wp:divi\/placeholder \/-->","_et_gb_content_width":"","footnotes":""},"class_list":["post-16","page","type-page","status-publish","hentry"],"yoast_head":"<!-- This site is optimized with the Yoast SEO plugin v27.4 - https:\/\/yoast.com\/product\/yoast-seo-wordpress\/ -->\n<title>Aspiradora Hyla, venta y arriendo - Duo Clean<\/title>\n<meta name=\"description\" content=\"Duo Clean, venta y arriendo de Aspiradoras Hyla, certificadas, tus espacios limpios cuando lo necesites, limpieza profesional, aseo profundo en casa\" \/>\n<meta name=\"robots\" content=\"index, follow, max-snippet:-1, max-image-preview:large, max-video-preview:-1\" \/>\n<link rel=\"canonical\" href=\"https:\/\/www.duoclean.cl\/index.php\/venta-y-arriendo\/\" \/>\n<meta property=\"og:locale\" content=\"es_ES\" \/>\n<meta property=\"og:type\" content=\"article\" \/>\n<meta property=\"og:title\" content=\"Aspiradora Hyla, venta y arriendo - Duo Clean\" \/>\n<meta property=\"og:description\" content=\"Duo Clean, venta y arriendo de Aspiradoras Hyla, certificadas, tus espacios limpios cuando lo necesites, limpieza profesional, aseo profundo en casa\" \/>\n<meta property=\"og:url\" content=\"https:\/\/www.duoclean.cl\/index.php\/venta-y-arriendo\/\" \/>\n<meta property=\"og:site_name\" content=\"duocleancl\" \/>\n<meta property=\"article:modified_time\" content=\"2025-07-04T15:11:47+00:00\" \/>\n<meta name=\"twitter:card\" content=\"summary_large_image\" \/>\n<meta name=\"twitter:label1\" content=\"Tiempo de lectura\" \/>\n\t<meta name=\"twitter:data1\" content=\"2 minutos\" \/>\n<script type=\"application\/ld+json\" class=\"yoast-schema-graph\">{\"@context\":\"https:\\\/\\\/schema.org\",\"@graph\":[{\"@type\":\"WebPage\",\"@id\":\"https:\\\/\\\/www.duoclean.cl\\\/index.php\\\/venta-y-arriendo\\\/\",\"url\":\"https:\\\/\\\/www.duoclean.cl\\\/index.php\\\/venta-y-arriendo\\\/\",\"name\":\"Aspiradora Hyla, venta y arriendo - Duo Clean\",\"isPartOf\":{\"@id\":\"https:\\\/\\\/www.duoclean.cl\\\/#website\"},\"datePublished\":\"2025-06-16T19:18:34+00:00\",\"dateModified\":\"2025-07-04T15:11:47+00:00\",\"description\":\"Duo Clean, venta y arriendo de Aspiradoras Hyla, certificadas, tus espacios limpios cuando lo necesites, limpieza profesional, aseo profundo en casa\",\"breadcrumb\":{\"@id\":\"https:\\\/\\\/www.duoclean.cl\\\/index.php\\\/venta-y-arriendo\\\/#breadcrumb\"},\"inLanguage\":\"es\",\"potentialAction\":[{\"@type\":\"ReadAction\",\"target\":[\"https:\\\/\\\/www.duoclean.cl\\\/index.php\\\/venta-y-arriendo\\\/\"]}]},{\"@type\":\"BreadcrumbList\",\"@id\":\"https:\\\/\\\/www.duoclean.cl\\\/index.php\\\/venta-y-arriendo\\\/#breadcrumb\",\"itemListElement\":[{\"@type\":\"ListItem\",\"position\":1,\"name\":\"Portada\",\"item\":\"https:\\\/\\\/www.duoclean.cl\\\/\"},{\"@type\":\"ListItem\",\"position\":2,\"name\":\"Venta y Arriendo\"}]},{\"@type\":\"WebSite\",\"@id\":\"https:\\\/\\\/www.duoclean.cl\\\/#website\",\"url\":\"https:\\\/\\\/www.duoclean.cl\\\/\",\"name\":\"duocleancl\",\"description\":\"\",\"potentialAction\":[{\"@type\":\"SearchAction\",\"target\":{\"@type\":\"EntryPoint\",\"urlTemplate\":\"https:\\\/\\\/www.duoclean.cl\\\/?s={search_term_string}\"},\"query-input\":{\"@type\":\"PropertyValueSpecification\",\"valueRequired\":true,\"valueName\":\"search_term_string\"}}],\"inLanguage\":\"es\"}]}<\/script>\n<!-- \/ Yoast SEO plugin. -->","yoast_head_json":{"title":"Aspiradora Hyla, venta y arriendo - Duo Clean","description":"Duo Clean, venta y arriendo de Aspiradoras Hyla, certificadas, tus espacios limpios cuando lo necesites, limpieza profesional, aseo profundo en casa","robots":{"index":"index","follow":"follow","max-snippet":"max-snippet:-1","max-image-preview":"max-image-preview:large","max-video-preview":"max-video-preview:-1"},"canonical":"https:\/\/www.duoclean.cl\/index.php\/venta-y-arriendo\/","og_locale":"es_ES","og_type":"article","og_title":"Aspiradora Hyla, venta y arriendo - Duo Clean","og_description":"Duo Clean, venta y arriendo de Aspiradoras Hyla, certificadas, tus espacios limpios cuando lo necesites, limpieza profesional, aseo profundo en casa","og_url":"https:\/\/www.duoclean.cl\/index.php\/venta-y-arriendo\/","og_site_name":"duocleancl","article_modified_time":"2025-07-04T15:11:47+00:00","twitter_card":"summary_large_image","twitter_misc":{"Tiempo de lectura":"2 minutos"},"schema":{"@context":"https:\/\/schema.org","@graph":[{"@type":"WebPage","@id":"https:\/\/www.duoclean.cl\/index.php\/venta-y-arriendo\/","url":"https:\/\/www.duoclean.cl\/index.php\/venta-y-arriendo\/","name":"Aspiradora Hyla, venta y arriendo - Duo Clean","isPartOf":{"@id":"https:\/\/www.duoclean.cl\/#website"},"datePublished":"2025-06-16T19:18:34+00:00","dateModified":"2025-07-04T15:11:47+00:00","description":"Duo Clean, venta y arriendo de Aspiradoras Hyla, certificadas, tus espacios limpios cuando lo necesites, limpieza profesional, aseo profundo en casa","breadcrumb":{"@id":"https:\/\/www.duoclean.cl\/index.php\/venta-y-arriendo\/#breadcrumb"},"inLanguage":"es","potentialAction":[{"@type":"ReadAction","target":["https:\/\/www.duoclean.cl\/index.php\/venta-y-arriendo\/"]}]},{"@type":"BreadcrumbList","@id":"https:\/\/www.duoclean.cl\/index.php\/venta-y-arriendo\/#breadcrumb","itemListElement":[{"@type":"ListItem","position":1,"name":"Portada","item":"https:\/\/www.duoclean.cl\/"},{"@type":"ListItem","position":2,"name":"Venta y Arriendo"}]},{"@type":"WebSite","@id":"https:\/\/www.duoclean.cl\/#website","url":"https:\/\/www.duoclean.cl\/","name":"duocleancl","description":"","potentialAction":[{"@type":"SearchAction","target":{"@type":"EntryPoint","urlTemplate":"https:\/\/www.duoclean.cl\/?s={search_term_string}"},"query-input":{"@type":"PropertyValueSpecification","valueRequired":true,"valueName":"search_term_string"}}],"inLanguage":"es"}]}},"_links":{"self":[{"href":"https:\/\/www.duoclean.cl\/index.php\/wp-json\/wp\/v2\/pages\/16","targetHints":{"allow":["GET"]}}],"collection":[{"href":"https:\/\/www.duoclean.cl\/index.php\/wp-json\/wp\/v2\/pages"}],"about":[{"href":"https:\/\/www.duoclean.cl\/index.php\/wp-json\/wp\/v2\/types\/page"}],"author":[{"embeddable":true,"href":"https:\/\/www.duoclean.cl\/index.php\/wp-json\/wp\/v2\/users\/1"}],"replies":[{"embeddable":true,"href":"https:\/\/www.duoclean.cl\/index.php\/wp-json\/wp\/v2\/comments?post=16"}],"version-history":[{"count":6,"href":"https:\/\/www.duoclean.cl\/index.php\/wp-json\/wp\/v2\/pages\/16\/revisions"}],"predecessor-version":[{"id":264,"href":"https:\/\/www.duoclean.cl\/index.php\/wp-json\/wp\/v2\/pages\/16\/revisions\/264"}],"wp:attachment":[{"href":"https:\/\/www.duoclean.cl\/index.php\/wp-json\/wp\/v2\/media?parent=16"}],"curies":[{"name":"wp","href":"https:\/\/api.w.org\/{rel}","templated":true}]}}