{"id":273,"date":"2025-08-08T12:03:37","date_gmt":"2025-08-08T15:03:37","guid":{"rendered":"https:\/\/www.duoclean.cl\/?page_id=273"},"modified":"2025-08-18T11:00:26","modified_gmt":"2025-08-18T14:00:26","slug":"sanitizacion-con-desmanchado","status":"publish","type":"page","link":"https:\/\/www.duoclean.cl\/index.php\/sanitizacion-con-desmanchado\/","title":{"rendered":"Sanitizaci\u00f3n con desmanchado"},"content":{"rendered":"<p>[et_pb_section fb_built=\u00bb1&#8243; _builder_version=\u00bb4.27.4&#8243; _module_preset=\u00bbdefault\u00bb background_image=\u00bbhttps:\/\/www.duoclean.cl\/wp-content\/uploads\/2025\/06\/bg-somos.jpg\u00bb background_blend=\u00bbluminosity\u00bb global_colors_info=\u00bb{}\u00bb][et_pb_row _builder_version=\u00bb4.27.4&#8243; _module_preset=\u00bbdefault\u00bb global_colors_info=\u00bb{}\u00bb][et_pb_column type=\u00bb4_4&#8243; _builder_version=\u00bb4.27.4&#8243; _module_preset=\u00bbdefault\u00bb global_colors_info=\u00bb{}\u00bb][et_pb_text _builder_version=\u00bb4.27.4&#8243; _module_preset=\u00bbdefault\u00bb header_font=\u00bbRubik|700||on|||||\u00bb header_text_color=\u00bb#FFFFFF\u00bb header_font_size=\u00bb36px\u00bb header_line_height=\u00bb1.2em\u00bb custom_margin=\u00bb||0px||false|false\u00bb custom_padding=\u00bb||0px||false|false\u00bb hover_enabled=\u00bb0&#8243; global_colors_info=\u00bb{}\u00bb sticky_enabled=\u00bb0&#8243;]<\/p>\n<h1>Sanitizaci\u00f3n y desmanchado<\/h1>\n<p>[\/et_pb_text][et_pb_text _builder_version=\u00bb4.27.4&#8243; _module_preset=\u00bbdefault\u00bb text_font=\u00bbPoppins||||||||\u00bb text_text_color=\u00bb#008dad\u00bb text_font_size=\u00bb20px\u00bb link_text_color=\u00bb#FFFFFF\u00bb global_colors_info=\u00bb{}\u00bb]<\/p>\n<p><a href=\"https:\/\/www.duoclean.cl\/\"><span style=\"color: #ffffff;\">Home<\/span><\/a> \/\/ Desmanchado<\/p>\n<p>[\/et_pb_text][\/et_pb_column][\/et_pb_row][\/et_pb_section][et_pb_section fb_built=\u00bb1&#8243; _builder_version=\u00bb4.27.4&#8243; _module_preset=\u00bbdefault\u00bb background_color=\u00bb#008dad\u00bb global_colors_info=\u00bb{}\u00bb][et_pb_row _builder_version=\u00bb4.27.4&#8243; _module_preset=\u00bbdefault\u00bb global_colors_info=\u00bb{}\u00bb][et_pb_column type=\u00bb4_4&#8243; _builder_version=\u00bb4.27.4&#8243; _module_preset=\u00bbdefault\u00bb global_colors_info=\u00bb{}\u00bb][et_pb_text _builder_version=\u00bb4.27.4&#8243; _module_preset=\u00bbdefault\u00bb header_2_font=\u00bbRubik|700|||||||\u00bb header_2_text_color=\u00bb#FFFFFF\u00bb header_2_font_size=\u00bb30px\u00bb header_2_line_height=\u00bb1.2em\u00bb custom_margin=\u00bb||-3px|||\u00bb hover_enabled=\u00bb0&#8243; global_colors_info=\u00bb{}\u00bb sticky_enabled=\u00bb0&#8243;]<\/p>\n<h2 style=\"text-align: center;\"><span style=\"color: #333333;\">Nuestros<\/span> servicio de Sanitizaci\u00f3n y desmanchado:<\/h2>\n<p>[\/et_pb_text][\/et_pb_column][\/et_pb_row][et_pb_row make_equal=\u00bbon\u00bb _builder_version=\u00bb4.27.4&#8243; _module_preset=\u00bbdefault\u00bb global_colors_info=\u00bb{}\u00bb][et_pb_column type=\u00bb4_4&#8243; _builder_version=\u00bb4.27.4&#8243; _module_preset=\u00bbdefault\u00bb background_color=\u00bb#FFFFFF\u00bb custom_padding=\u00bb3%|3%|3%|3%|true|true\u00bb border_radii=\u00bbon|12px|12px|12px|12px\u00bb border_width_bottom=\u00bb6px\u00bb border_color_bottom=\u00bb#035061&#8243; global_colors_info=\u00bb{}\u00bb][et_pb_blurb title=\u00bbSanitizaci\u00f3n y desmanchado\u00bb image=\u00bbhttps:\/\/www.duoclean.cl\/wp-content\/uploads\/2025\/06\/sofa.png\u00bb _builder_version=\u00bb4.27.4&#8243; _module_preset=\u00bbdefault\u00bb header_font=\u00bbRubik|800|||||||\u00bb header_text_align=\u00bbcenter\u00bb header_font_size=\u00bb24px\u00bb body_font=\u00bbPoppins|300|||||||\u00bb body_text_color=\u00bb#035061&#8243; hover_enabled=\u00bb0&#8243; global_colors_info=\u00bb{}\u00bb sticky_enabled=\u00bb0&#8243;]<\/p>\n<p style=\"text-align: center;\">Consiste en un aspirado profundo realizado con m\u00e1quina HYLA de origen alem\u00e1n, con tecnolog\u00eda patentada y certificaci\u00f3n internacional para la remoci\u00f3n eficiente de polvo, \u00e1caros, guanina (excremento de \u00e1caro), pelos, caspa, grasa y otras impurezas.<br \/>Incluye remoci\u00f3n de manchas en superficies textiles mediante lavado con agua y shampoo HYLA, seguido de la extracci\u00f3n de agua sucia y un pre-secado con aire caliente, dejando los muebles lo m\u00e1s secos posible tras el servicio.<\/p>\n<p>[\/et_pb_blurb][et_pb_button button_url=\u00bbhttps:\/\/www.duoclean.cl\/index.php\/contacto\/\u00bb button_text=\u00bbCont\u00e1ctanos\u00bb button_alignment=\u00bbcenter\u00bb _builder_version=\u00bb4.27.4&#8243; _module_preset=\u00bbdefault\u00bb custom_button=\u00bbon\u00bb button_text_size=\u00bb18px\u00bb button_text_color=\u00bb#FFFFFF\u00bb button_bg_color=\u00bb#008dad\u00bb button_border_width=\u00bb0px\u00bb button_border_radius=\u00bb39px\u00bb button_font=\u00bbRubik||||||||\u00bb button_icon=\u00bb&#x49;||divi||400&#8243; button_icon_color=\u00bb#1a2a33&#8243; button_on_hover=\u00bboff\u00bb global_colors_info=\u00bb{}\u00bb transform_styles__hover_enabled=\u00bbon|desktop\u00bb transform_scale__hover_enabled=\u00bbon|desktop\u00bb transform_translate__hover_enabled=\u00bbon|desktop\u00bb transform_rotate__hover_enabled=\u00bbon|desktop\u00bb transform_skew__hover_enabled=\u00bbon|desktop\u00bb transform_origin__hover_enabled=\u00bbon|desktop\u00bb transform_scale__hover=\u00bb102%|102%\u00bb][\/et_pb_button][\/et_pb_column][\/et_pb_row][\/et_pb_section][et_pb_section fb_built=\u00bb1&#8243; _builder_version=\u00bb4.27.4&#8243; _module_preset=\u00bbdefault\u00bb background_image=\u00bbhttps:\/\/www.duoclean.cl\/wp-content\/uploads\/2025\/06\/bg-Duo-Clean-1.jpg\u00bb global_colors_info=\u00bb{}\u00bb][et_pb_row column_structure=\u00bb1_4,1_4,1_4,1_4&#8243; _builder_version=\u00bb4.27.4&#8243; _module_preset=\u00bbdefault\u00bb global_colors_info=\u00bb{}\u00bb][et_pb_column type=\u00bb1_4&#8243; _builder_version=\u00bb4.27.4&#8243; _module_preset=\u00bbdefault\u00bb global_colors_info=\u00bb{}\u00bb][et_pb_blurb image_icon_background_color=\u00bbRGBA(255,255,255,0)\u00bb image=\u00bbhttps:\/\/www.duoclean.cl\/wp-content\/uploads\/2025\/06\/limpiador-de-alfombra.png\u00bb _builder_version=\u00bb4.27.4&#8243; _module_preset=\u00bbdefault\u00bb body_font=\u00bbPoppins||||||||\u00bb body_font_size=\u00bb15px\u00bb body_line_height=\u00bb1.8em\u00bb global_colors_info=\u00bb{}\u00bb]<\/p>\n<p style=\"text-align: center;\">Limpieza de alfombras<\/p>\n<p>[\/et_pb_blurb][\/et_pb_column][et_pb_column type=\u00bb1_4&#8243; _builder_version=\u00bb4.27.4&#8243; _module_preset=\u00bbdefault\u00bb global_colors_info=\u00bb{}\u00bb][et_pb_blurb image_icon_background_color=\u00bbRGBA(255,255,255,0)\u00bb image=\u00bbhttps:\/\/www.duoclean.cl\/wp-content\/uploads\/2025\/06\/tapiceria.png\u00bb _builder_version=\u00bb4.27.4&#8243; _module_preset=\u00bbdefault\u00bb body_font=\u00bbPoppins||||||||\u00bb body_font_size=\u00bb15px\u00bb body_line_height=\u00bb1.8em\u00bb global_colors_info=\u00bb{}\u00bb]<\/p>\n<p style=\"text-align: center;\">Tapicer\u00eda<\/p>\n<p>[\/et_pb_blurb][\/et_pb_column][et_pb_column type=\u00bb1_4&#8243; _builder_version=\u00bb4.27.4&#8243; _module_preset=\u00bbdefault\u00bb global_colors_info=\u00bb{}\u00bb][et_pb_blurb image_icon_background_color=\u00bbRGBA(255,255,255,0)\u00bb image=\u00bbhttps:\/\/www.duoclean.cl\/wp-content\/uploads\/2025\/06\/lavado-de-autos.png\u00bb _builder_version=\u00bb4.27.4&#8243; _module_preset=\u00bbdefault\u00bb body_font=\u00bbPoppins||||||||\u00bb body_font_size=\u00bb15px\u00bb body_line_height=\u00bb1.8em\u00bb global_colors_info=\u00bb{}\u00bb]<\/p>\n<p style=\"text-align: center;\">Veh\u00edculos<\/p>\n<p>[\/et_pb_blurb][\/et_pb_column][et_pb_column type=\u00bb1_4&#8243; _builder_version=\u00bb4.27.4&#8243; _module_preset=\u00bbdefault\u00bb global_colors_info=\u00bb{}\u00bb][et_pb_blurb image_icon_background_color=\u00bbRGBA(255,255,255,0)\u00bb image=\u00bbhttps:\/\/www.duoclean.cl\/wp-content\/uploads\/2025\/06\/muebles-de-cama.png\u00bb _builder_version=\u00bb4.27.4&#8243; _module_preset=\u00bbdefault\u00bb body_font=\u00bbPoppins||||||||\u00bb body_font_size=\u00bb15px\u00bb body_line_height=\u00bb1.8em\u00bb global_colors_info=\u00bb{}\u00bb]<\/p>\n<p style=\"text-align: center;\">Colchones<\/p>\n<p>[\/et_pb_blurb][\/et_pb_column][\/et_pb_row][et_pb_row column_structure=\u00bb1_5,1_5,1_5,1_5,1_5&#8243; _builder_version=\u00bb4.27.4&#8243; _module_preset=\u00bbdefault\u00bb global_colors_info=\u00bb{}\u00bb][et_pb_column type=\u00bb1_5&#8243; _builder_version=\u00bb4.27.4&#8243; _module_preset=\u00bbdefault\u00bb global_colors_info=\u00bb{}\u00bb][et_pb_blurb image_icon_background_color=\u00bbRGBA(255,255,255,0)\u00bb image=\u00bbhttps:\/\/www.duoclean.cl\/wp-content\/uploads\/2025\/06\/exterior.png\u00bb _builder_version=\u00bb4.27.4&#8243; _module_preset=\u00bbdefault\u00bb body_font=\u00bbPoppins||||||||\u00bb body_font_size=\u00bb15px\u00bb body_line_height=\u00bb1.8em\u00bb global_colors_info=\u00bb{}\u00bb]<\/p>\n<p style=\"text-align: center;\">Muebles<\/p>\n<p>[\/et_pb_blurb][\/et_pb_column][et_pb_column type=\u00bb1_5&#8243; _builder_version=\u00bb4.27.4&#8243; _module_preset=\u00bbdefault\u00bb global_colors_info=\u00bb{}\u00bb][et_pb_blurb image_icon_background_color=\u00bbRGBA(255,255,255,0)\u00bb image=\u00bbhttps:\/\/www.duoclean.cl\/wp-content\/uploads\/2025\/06\/cama-matrimonial.png\u00bb _builder_version=\u00bb4.27.4&#8243; _module_preset=\u00bbdefault\u00bb body_font=\u00bbPoppins||||||||\u00bb body_font_size=\u00bb15px\u00bb body_line_height=\u00bb1.8em\u00bb global_colors_info=\u00bb{}\u00bb]<\/p>\n<p style=\"text-align: center;\">Respaldo camas<\/p>\n<p>[\/et_pb_blurb][\/et_pb_column][et_pb_column type=\u00bb1_5&#8243; _builder_version=\u00bb4.27.4&#8243; _module_preset=\u00bbdefault\u00bb global_colors_info=\u00bb{}\u00bb][et_pb_blurb image_icon_background_color=\u00bbRGBA(255,255,255,0)\u00bb image=\u00bbhttps:\/\/www.duoclean.cl\/wp-content\/uploads\/2025\/06\/esquema-de-cortinas-de-escenario.png\u00bb _builder_version=\u00bb4.27.4&#8243; _module_preset=\u00bbdefault\u00bb body_font=\u00bbPoppins||||||||\u00bb body_font_size=\u00bb15px\u00bb body_line_height=\u00bb1.8em\u00bb global_colors_info=\u00bb{}\u00bb]<\/p>\n<p style=\"text-align: center;\">Cortinas<\/p>\n<p>[\/et_pb_blurb][\/et_pb_column][et_pb_column type=\u00bb1_5&#8243; _builder_version=\u00bb4.27.4&#8243; _module_preset=\u00bbdefault\u00bb global_colors_info=\u00bb{}\u00bb][et_pb_blurb image_icon_background_color=\u00bbRGBA(255,255,255,0)\u00bb image=\u00bbhttps:\/\/www.duoclean.cl\/wp-content\/uploads\/2025\/06\/sofa-de-plazas.png\u00bb _builder_version=\u00bb4.27.4&#8243; _module_preset=\u00bbdefault\u00bb body_font=\u00bbPoppins||||||||\u00bb body_font_size=\u00bb15px\u00bb body_line_height=\u00bb1.8em\u00bb global_colors_info=\u00bb{}\u00bb]<\/p>\n<p style=\"text-align: center;\">Sof\u00e1s<\/p>\n<p>[\/et_pb_blurb][\/et_pb_column][et_pb_column type=\u00bb1_5&#8243; _builder_version=\u00bb4.27.4&#8243; _module_preset=\u00bbdefault\u00bb global_colors_info=\u00bb{}\u00bb][et_pb_blurb image_icon_background_color=\u00bbRGBA(255,255,255,0)\u00bb image=\u00bbhttps:\/\/www.duoclean.cl\/wp-content\/uploads\/2025\/06\/cama-para-mascotas.png\u00bb _builder_version=\u00bb4.27.4&#8243; _module_preset=\u00bbdefault\u00bb body_font=\u00bbPoppins||||||||\u00bb body_font_size=\u00bb15px\u00bb body_line_height=\u00bb1.8em\u00bb global_colors_info=\u00bb{}\u00bb]<\/p>\n<p style=\"text-align: center;\">Camas de mascotas<\/p>\n<p>[\/et_pb_blurb][\/et_pb_column][\/et_pb_row][\/et_pb_section][et_pb_section fb_built=\u00bb1&#8243; _builder_version=\u00bb4.27.4&#8243; _module_preset=\u00bbdefault\u00bb global_colors_info=\u00bb{}\u00bb][et_pb_row _builder_version=\u00bb4.27.4&#8243; _module_preset=\u00bbdefault\u00bb global_colors_info=\u00bb{}\u00bb][et_pb_column type=\u00bb4_4&#8243; _builder_version=\u00bb4.27.4&#8243; _module_preset=\u00bbdefault\u00bb global_colors_info=\u00bb{}\u00bb][et_pb_text _builder_version=\u00bb4.27.4&#8243; _module_preset=\u00bbdefault\u00bb header_2_font=\u00bbRubik|700|||||||\u00bb header_2_text_color=\u00bb#008dad\u00bb header_2_font_size=\u00bb30px\u00bb header_2_line_height=\u00bb1.2em\u00bb custom_margin=\u00bb||-3px|||\u00bb global_colors_info=\u00bb{}\u00bb]<\/p>\n<h2 style=\"text-align: center;\"><span style=\"color: #333333;\">Reserva tu<\/span> servicio y te contactaremos<\/h2>\n<p>[\/et_pb_text][\/et_pb_column][\/et_pb_row][et_pb_row _builder_version=\u00bb4.27.4&#8243; _module_preset=\u00bbdefault\u00bb global_colors_info=\u00bb{}\u00bb][et_pb_column type=\u00bb4_4&#8243; _builder_version=\u00bb4.27.4&#8243; _module_preset=\u00bbdefault\u00bb global_colors_info=\u00bb{}\u00bb][et_pb_code _builder_version=\u00bb4.27.4&#8243; _module_preset=\u00bbdefault\u00bb global_colors_info=\u00bb{}\u00bb] <iframe src=\"https:\/\/www.duoclean.cl\/wp-json\/ssa\/v1\/embed-inner?integration&type=servicio-que-desea&label&types=1&edit&view&payment_provider&ssa_locale=es_ES&ssa_is_rtl&sid=af70981a177536fd536bad9d3bea4be5b3e02b1c&availability_start_date&availability_end_date&suggest_first_available&suggest_first_available_within_minutes&flow&fallback_flow&time_view&date_view&appointment_types_view&version&accent_color&background&padding&font&booking_url=https%3A%2F%2Fwww.duoclean.cl%2Findex.php%2Fsanitizacion-con-desmanchado%2F&booking_post_id=273&booking_title=Sanitizaci%C3%B3n+con+desmanchado&_wpnonce=ebe4e65a41&redirect_post_id&mepr_membership_id#\/\" height=\"400px\" width=\"100%\" name=\"ssa_booking\" loading=\"eager\" frameborder=\"0\" data-skip-lazy=\"1\" class=\"ssa_booking_iframe skip-lazy\" title=\"Reservar una hora\"><\/iframe> [\/et_pb_code][\/et_pb_column][\/et_pb_row][\/et_pb_section]<\/p>\n","protected":false},"excerpt":{"rendered":"<p>Sanitizaci\u00f3n y desmanchadoHome \/\/ DesmanchadoNuestros servicio de Sanitizaci\u00f3n y desmanchado:Consiste en un aspirado profundo realizado con m\u00e1quina HYLA de origen alem\u00e1n, con tecnolog\u00eda patentada y certificaci\u00f3n internacional para la remoci\u00f3n eficiente de polvo, \u00e1caros, guanina (excremento de \u00e1caro), pelos, caspa, grasa y otras impurezas.Incluye remoci\u00f3n de manchas en superficies textiles mediante lavado con agua y [&hellip;]<\/p>\n","protected":false},"author":1,"featured_media":0,"parent":0,"menu_order":0,"comment_status":"closed","ping_status":"closed","template":"","meta":{"_et_pb_use_builder":"on","_et_pb_old_content":"<!-- wp:divi\/placeholder \/-->","_et_gb_content_width":"","footnotes":""},"class_list":["post-273","page","type-page","status-publish","hentry"],"yoast_head":"<!-- This site is optimized with the Yoast SEO plugin v27.3 - https:\/\/yoast.com\/product\/yoast-seo-wordpress\/ -->\n<title>Sanitizaci\u00f3n con desmanchado - duocleancl<\/title>\n<meta name=\"robots\" content=\"index, follow, max-snippet:-1, max-image-preview:large, max-video-preview:-1\" \/>\n<link rel=\"canonical\" href=\"https:\/\/www.duoclean.cl\/index.php\/sanitizacion-con-desmanchado\/\" \/>\n<meta property=\"og:locale\" content=\"es_ES\" \/>\n<meta property=\"og:type\" content=\"article\" \/>\n<meta property=\"og:title\" content=\"Sanitizaci\u00f3n con desmanchado - duocleancl\" \/>\n<meta property=\"og:description\" content=\"Sanitizaci\u00f3n y desmanchadoHome \/\/ DesmanchadoNuestros servicio de Sanitizaci\u00f3n y desmanchado:Consiste en un aspirado profundo realizado con m\u00e1quina HYLA de origen alem\u00e1n, con tecnolog\u00eda patentada y certificaci\u00f3n internacional para la remoci\u00f3n eficiente de polvo, \u00e1caros, guanina (excremento de \u00e1caro), pelos, caspa, grasa y otras impurezas.Incluye remoci\u00f3n de manchas en superficies textiles mediante lavado con agua y [&hellip;]\" \/>\n<meta property=\"og:url\" content=\"https:\/\/www.duoclean.cl\/index.php\/sanitizacion-con-desmanchado\/\" \/>\n<meta property=\"og:site_name\" content=\"duocleancl\" \/>\n<meta property=\"article:modified_time\" content=\"2025-08-18T14:00:26+00:00\" \/>\n<meta name=\"twitter:card\" content=\"summary_large_image\" \/>\n<script type=\"application\/ld+json\" class=\"yoast-schema-graph\">{\"@context\":\"https:\\\/\\\/schema.org\",\"@graph\":[{\"@type\":\"WebPage\",\"@id\":\"https:\\\/\\\/www.duoclean.cl\\\/index.php\\\/sanitizacion-con-desmanchado\\\/\",\"url\":\"https:\\\/\\\/www.duoclean.cl\\\/index.php\\\/sanitizacion-con-desmanchado\\\/\",\"name\":\"Sanitizaci\u00f3n con desmanchado - duocleancl\",\"isPartOf\":{\"@id\":\"https:\\\/\\\/www.duoclean.cl\\\/#website\"},\"datePublished\":\"2025-08-08T15:03:37+00:00\",\"dateModified\":\"2025-08-18T14:00:26+00:00\",\"breadcrumb\":{\"@id\":\"https:\\\/\\\/www.duoclean.cl\\\/index.php\\\/sanitizacion-con-desmanchado\\\/#breadcrumb\"},\"inLanguage\":\"es\",\"potentialAction\":[{\"@type\":\"ReadAction\",\"target\":[\"https:\\\/\\\/www.duoclean.cl\\\/index.php\\\/sanitizacion-con-desmanchado\\\/\"]}]},{\"@type\":\"BreadcrumbList\",\"@id\":\"https:\\\/\\\/www.duoclean.cl\\\/index.php\\\/sanitizacion-con-desmanchado\\\/#breadcrumb\",\"itemListElement\":[{\"@type\":\"ListItem\",\"position\":1,\"name\":\"Portada\",\"item\":\"https:\\\/\\\/www.duoclean.cl\\\/\"},{\"@type\":\"ListItem\",\"position\":2,\"name\":\"Sanitizaci\u00f3n con desmanchado\"}]},{\"@type\":\"WebSite\",\"@id\":\"https:\\\/\\\/www.duoclean.cl\\\/#website\",\"url\":\"https:\\\/\\\/www.duoclean.cl\\\/\",\"name\":\"duocleancl\",\"description\":\"\",\"potentialAction\":[{\"@type\":\"SearchAction\",\"target\":{\"@type\":\"EntryPoint\",\"urlTemplate\":\"https:\\\/\\\/www.duoclean.cl\\\/?s={search_term_string}\"},\"query-input\":{\"@type\":\"PropertyValueSpecification\",\"valueRequired\":true,\"valueName\":\"search_term_string\"}}],\"inLanguage\":\"es\"}]}<\/script>\n<!-- \/ Yoast SEO plugin. -->","yoast_head_json":{"title":"Sanitizaci\u00f3n con desmanchado - duocleancl","robots":{"index":"index","follow":"follow","max-snippet":"max-snippet:-1","max-image-preview":"max-image-preview:large","max-video-preview":"max-video-preview:-1"},"canonical":"https:\/\/www.duoclean.cl\/index.php\/sanitizacion-con-desmanchado\/","og_locale":"es_ES","og_type":"article","og_title":"Sanitizaci\u00f3n con desmanchado - duocleancl","og_description":"Sanitizaci\u00f3n y desmanchadoHome \/\/ DesmanchadoNuestros servicio de Sanitizaci\u00f3n y desmanchado:Consiste en un aspirado profundo realizado con m\u00e1quina HYLA de origen alem\u00e1n, con tecnolog\u00eda patentada y certificaci\u00f3n internacional para la remoci\u00f3n eficiente de polvo, \u00e1caros, guanina (excremento de \u00e1caro), pelos, caspa, grasa y otras impurezas.Incluye remoci\u00f3n de manchas en superficies textiles mediante lavado con agua y [&hellip;]","og_url":"https:\/\/www.duoclean.cl\/index.php\/sanitizacion-con-desmanchado\/","og_site_name":"duocleancl","article_modified_time":"2025-08-18T14:00:26+00:00","twitter_card":"summary_large_image","schema":{"@context":"https:\/\/schema.org","@graph":[{"@type":"WebPage","@id":"https:\/\/www.duoclean.cl\/index.php\/sanitizacion-con-desmanchado\/","url":"https:\/\/www.duoclean.cl\/index.php\/sanitizacion-con-desmanchado\/","name":"Sanitizaci\u00f3n con desmanchado - duocleancl","isPartOf":{"@id":"https:\/\/www.duoclean.cl\/#website"},"datePublished":"2025-08-08T15:03:37+00:00","dateModified":"2025-08-18T14:00:26+00:00","breadcrumb":{"@id":"https:\/\/www.duoclean.cl\/index.php\/sanitizacion-con-desmanchado\/#breadcrumb"},"inLanguage":"es","potentialAction":[{"@type":"ReadAction","target":["https:\/\/www.duoclean.cl\/index.php\/sanitizacion-con-desmanchado\/"]}]},{"@type":"BreadcrumbList","@id":"https:\/\/www.duoclean.cl\/index.php\/sanitizacion-con-desmanchado\/#breadcrumb","itemListElement":[{"@type":"ListItem","position":1,"name":"Portada","item":"https:\/\/www.duoclean.cl\/"},{"@type":"ListItem","position":2,"name":"Sanitizaci\u00f3n con desmanchado"}]},{"@type":"WebSite","@id":"https:\/\/www.duoclean.cl\/#website","url":"https:\/\/www.duoclean.cl\/","name":"duocleancl","description":"","potentialAction":[{"@type":"SearchAction","target":{"@type":"EntryPoint","urlTemplate":"https:\/\/www.duoclean.cl\/?s={search_term_string}"},"query-input":{"@type":"PropertyValueSpecification","valueRequired":true,"valueName":"search_term_string"}}],"inLanguage":"es"}]}},"_links":{"self":[{"href":"https:\/\/www.duoclean.cl\/index.php\/wp-json\/wp\/v2\/pages\/273","targetHints":{"allow":["GET"]}}],"collection":[{"href":"https:\/\/www.duoclean.cl\/index.php\/wp-json\/wp\/v2\/pages"}],"about":[{"href":"https:\/\/www.duoclean.cl\/index.php\/wp-json\/wp\/v2\/types\/page"}],"author":[{"embeddable":true,"href":"https:\/\/www.duoclean.cl\/index.php\/wp-json\/wp\/v2\/users\/1"}],"replies":[{"embeddable":true,"href":"https:\/\/www.duoclean.cl\/index.php\/wp-json\/wp\/v2\/comments?post=273"}],"version-history":[{"count":5,"href":"https:\/\/www.duoclean.cl\/index.php\/wp-json\/wp\/v2\/pages\/273\/revisions"}],"predecessor-version":[{"id":297,"href":"https:\/\/www.duoclean.cl\/index.php\/wp-json\/wp\/v2\/pages\/273\/revisions\/297"}],"wp:attachment":[{"href":"https:\/\/www.duoclean.cl\/index.php\/wp-json\/wp\/v2\/media?parent=273"}],"curies":[{"name":"wp","href":"https:\/\/api.w.org\/{rel}","templated":true}]}}