{"id":277,"date":"2025-08-08T12:05:46","date_gmt":"2025-08-08T15:05:46","guid":{"rendered":"https:\/\/www.duoclean.cl\/?page_id=277"},"modified":"2025-08-08T12:15:54","modified_gmt":"2025-08-08T15:15:54","slug":"arriendo","status":"publish","type":"page","link":"https:\/\/www.duoclean.cl\/index.php\/arriendo\/","title":{"rendered":"Arriendo"},"content":{"rendered":"<p>[et_pb_section fb_built=\u00bb1&#8243; _builder_version=\u00bb4.27.4&#8243; _module_preset=\u00bbdefault\u00bb background_image=\u00bbhttps:\/\/www.duoclean.cl\/wp-content\/uploads\/2025\/06\/bg-somos.jpg\u00bb background_blend=\u00bbluminosity\u00bb global_colors_info=\u00bb{}\u00bb theme_builder_area=\u00bbpost_content\u00bb][et_pb_row _builder_version=\u00bb4.27.4&#8243; _module_preset=\u00bbdefault\u00bb global_colors_info=\u00bb{}\u00bb theme_builder_area=\u00bbpost_content\u00bb][et_pb_column type=\u00bb4_4&#8243; _builder_version=\u00bb4.27.4&#8243; _module_preset=\u00bbdefault\u00bb global_colors_info=\u00bb{}\u00bb theme_builder_area=\u00bbpost_content\u00bb][et_pb_text _builder_version=\u00bb4.27.4&#8243; _module_preset=\u00bbdefault\u00bb header_font=\u00bbRubik|700||on|||||\u00bb header_text_color=\u00bb#FFFFFF\u00bb header_font_size=\u00bb36px\u00bb header_line_height=\u00bb1.2em\u00bb custom_margin=\u00bb||0px||false|false\u00bb custom_padding=\u00bb||0px||false|false\u00bb hover_enabled=\u00bb0&#8243; global_colors_info=\u00bb{}\u00bb theme_builder_area=\u00bbpost_content\u00bb sticky_enabled=\u00bb0&#8243;]<\/p>\n<h1>ARRIENDO<\/h1>\n<p>[\/et_pb_text][et_pb_text _builder_version=\u00bb4.27.4&#8243; _module_preset=\u00bbdefault\u00bb text_font=\u00bbPoppins||||||||\u00bb text_text_color=\u00bb#008dad\u00bb text_font_size=\u00bb20px\u00bb link_text_color=\u00bb#FFFFFF\u00bb hover_enabled=\u00bb0&#8243; global_colors_info=\u00bb{}\u00bb theme_builder_area=\u00bbpost_content\u00bb sticky_enabled=\u00bb0&#8243;]<\/p>\n<p><a href=\"https:\/\/www.duoclean.cl\/\"><span style=\"color: #ffffff;\">Home<\/span><\/a> \/\/ Arriendo<\/p>\n<p>[\/et_pb_text][\/et_pb_column][\/et_pb_row][\/et_pb_section][et_pb_section fb_built=\u00bb1&#8243; _builder_version=\u00bb4.27.4&#8243; _module_preset=\u00bbdefault\u00bb background_image=\u00bbhttps:\/\/www.duoclean.cl\/wp-content\/uploads\/2025\/06\/bg-Duo-Clean-1.jpg\u00bb global_colors_info=\u00bb{}\u00bb theme_builder_area=\u00bbpost_content\u00bb][et_pb_row _builder_version=\u00bb4.27.4&#8243; _module_preset=\u00bbdefault\u00bb global_colors_info=\u00bb{}\u00bb theme_builder_area=\u00bbpost_content\u00bb][et_pb_column type=\u00bb4_4&#8243; _builder_version=\u00bb4.27.4&#8243; _module_preset=\u00bbdefault\u00bb global_colors_info=\u00bb{}\u00bb theme_builder_area=\u00bbpost_content\u00bb][et_pb_text _builder_version=\u00bb4.27.4&#8243; _module_preset=\u00bbdefault\u00bb header_2_font=\u00bbRubik|700|||||||\u00bb header_2_text_color=\u00bb#008dad\u00bb header_2_font_size=\u00bb30px\u00bb header_2_line_height=\u00bb1.2em\u00bb custom_margin=\u00bb||-3px|||\u00bb global_colors_info=\u00bb{}\u00bb theme_builder_area=\u00bbpost_content\u00bb]<\/p>\n<h2 style=\"text-align: center;\"><span style=\"color: #333333;\">ASPIRADORA<\/span> HYLA<\/h2>\n<p>[\/et_pb_text][\/et_pb_column][\/et_pb_row][et_pb_row column_structure=\u00bb1_5,3_5,1_5&#8243; make_equal=\u00bbon\u00bb _builder_version=\u00bb4.27.4&#8243; _module_preset=\u00bbdefault\u00bb hover_enabled=\u00bb0&#8243; global_colors_info=\u00bb{}\u00bb theme_builder_area=\u00bbpost_content\u00bb sticky_enabled=\u00bb0&#8243;][et_pb_column type=\u00bb1_5&#8243; _builder_version=\u00bb4.27.4&#8243; _module_preset=\u00bbdefault\u00bb custom_padding=\u00bb3%|3%|3%|3%|true|true\u00bb hover_enabled=\u00bb0&#8243; border_radii=\u00bbon|12px|12px|12px|12px\u00bb border_color_bottom=\u00bb#035061&#8243; global_colors_info=\u00bb{}\u00bb theme_builder_area=\u00bbpost_content\u00bb background_enable_color=\u00bboff\u00bb sticky_enabled=\u00bb0&#8243;][\/et_pb_column][et_pb_column type=\u00bb3_5&#8243; _builder_version=\u00bb4.27.4&#8243; _module_preset=\u00bbdefault\u00bb background_color=\u00bb#FFFFFF\u00bb custom_padding=\u00bb3%|3%|3%|3%|true|true\u00bb border_radii=\u00bbon|12px|12px|12px|12px\u00bb border_width_bottom=\u00bb6px\u00bb border_color_bottom=\u00bb#035061&#8243; box_shadow_style=\u00bbpreset3&#8243; global_colors_info=\u00bb{}\u00bb theme_builder_area=\u00bbpost_content\u00bb][et_pb_blurb title=\u00bbArriendo\u00bb image=\u00bbhttps:\/\/www.duoclean.cl\/wp-content\/uploads\/2025\/06\/alquilar.png\u00bb _builder_version=\u00bb4.27.4&#8243; _module_preset=\u00bbdefault\u00bb header_font=\u00bbRubik|800|||||||\u00bb header_text_align=\u00bbcenter\u00bb header_font_size=\u00bb24px\u00bb body_font=\u00bbPoppins|300|||||||\u00bb body_text_color=\u00bb#035061&#8243; global_colors_info=\u00bb{}\u00bb theme_builder_area=\u00bbpost_content\u00bb]<\/p>\n<p style=\"text-align: center;\">Contamos con el servicio de arriendo de la m\u00e1quina HYLA, ideal para quienes prefieren organizarse y realizar personalmente un aseo profundo en su hogar.<br \/>Puedes arrendarla por 24 o 48 horas, seg\u00fan tus necesidades.<br \/>Incluye:<br \/>M\u00e1quina HYLA lista para usar.<br \/>Capacitaci\u00f3n al momento de entregar la m\u00e1quina, demo de 15 minutos \u00a1no necesitas m\u00e1s!<br \/>Una soluci\u00f3n pr\u00e1ctica, efectiva y accesible para lograr una limpieza profesional en casa, a tu propio ritmo.<\/p>\n<p>[\/et_pb_blurb][et_pb_video src=\u00bbhttps:\/\/www.duoclean.cl\/wp-content\/uploads\/2025\/06\/DC-Insta-historias-destacadas_precios-Arriendo.mp4&#8243; _builder_version=\u00bb4.27.4&#8243; _module_preset=\u00bbdefault\u00bb custom_margin=\u00bb|8%||8%|false|true\u00bb global_colors_info=\u00bb{}\u00bb theme_builder_area=\u00bbpost_content\u00bb][\/et_pb_video][et_pb_button button_url=\u00bbhttps:\/\/www.duoclean.cl\/index.php\/contacto\/\u00bb button_text=\u00bb\u00a1Arriendo!\u00bb button_alignment=\u00bbcenter\u00bb _builder_version=\u00bb4.27.4&#8243; _module_preset=\u00bbdefault\u00bb custom_button=\u00bbon\u00bb button_text_size=\u00bb18px\u00bb button_text_color=\u00bb#FFFFFF\u00bb button_bg_color=\u00bb#008dad\u00bb button_border_width=\u00bb0px\u00bb button_border_radius=\u00bb39px\u00bb button_font=\u00bbRubik||||||||\u00bb button_icon=\u00bb&#x49;||divi||400&#8243; button_icon_color=\u00bb#1a2a33&#8243; button_on_hover=\u00bboff\u00bb global_colors_info=\u00bb{}\u00bb transform_styles__hover_enabled=\u00bbon|desktop\u00bb transform_scale__hover_enabled=\u00bbon|desktop\u00bb transform_translate__hover_enabled=\u00bbon|desktop\u00bb transform_rotate__hover_enabled=\u00bbon|desktop\u00bb transform_skew__hover_enabled=\u00bbon|desktop\u00bb transform_origin__hover_enabled=\u00bbon|desktop\u00bb transform_scale__hover=\u00bb102%|102%\u00bb theme_builder_area=\u00bbpost_content\u00bb][\/et_pb_button][\/et_pb_column][et_pb_column type=\u00bb1_5&#8243; _builder_version=\u00bb4.27.4&#8243; _module_preset=\u00bbdefault\u00bb custom_padding=\u00bb3%|3%|3%|3%|true|true\u00bb border_radii=\u00bbon|12px|12px|12px|12px\u00bb border_color_bottom=\u00bb#035061&#8243; global_colors_info=\u00bb{}\u00bb theme_builder_area=\u00bbpost_content\u00bb background_enable_color=\u00bboff\u00bb hover_enabled=\u00bb0&#8243; sticky_enabled=\u00bb0&#8243;][\/et_pb_column][\/et_pb_row][\/et_pb_section]<\/p>\n","protected":false},"excerpt":{"rendered":"<p>ARRIENDOHome \/\/ ArriendoASPIRADORA HYLAContamos con el servicio de arriendo de la m\u00e1quina HYLA, ideal para quienes prefieren organizarse y realizar personalmente un aseo profundo en su hogar.Puedes arrendarla por 24 o 48 horas, seg\u00fan tus necesidades.Incluye:M\u00e1quina HYLA lista para usar.Capacitaci\u00f3n al momento de entregar la m\u00e1quina, demo de 15 minutos \u00a1no necesitas m\u00e1s!Una soluci\u00f3n pr\u00e1ctica, [&hellip;]<\/p>\n","protected":false},"author":1,"featured_media":0,"parent":0,"menu_order":0,"comment_status":"closed","ping_status":"closed","template":"","meta":{"_et_pb_use_builder":"on","_et_pb_old_content":"<!-- wp:divi\/placeholder \/-->","_et_gb_content_width":"","footnotes":""},"class_list":["post-277","page","type-page","status-publish","hentry"],"yoast_head":"<!-- This site is optimized with the Yoast SEO plugin v27.3 - https:\/\/yoast.com\/product\/yoast-seo-wordpress\/ -->\n<title>Arriendo - duocleancl<\/title>\n<meta name=\"robots\" content=\"index, follow, max-snippet:-1, max-image-preview:large, max-video-preview:-1\" \/>\n<link rel=\"canonical\" href=\"https:\/\/www.duoclean.cl\/index.php\/arriendo\/\" \/>\n<meta property=\"og:locale\" content=\"es_ES\" \/>\n<meta property=\"og:type\" content=\"article\" \/>\n<meta property=\"og:title\" content=\"Arriendo - duocleancl\" \/>\n<meta property=\"og:description\" content=\"ARRIENDOHome \/\/ ArriendoASPIRADORA HYLAContamos con el servicio de arriendo de la m\u00e1quina HYLA, ideal para quienes prefieren organizarse y realizar personalmente un aseo profundo en su hogar.Puedes arrendarla por 24 o 48 horas, seg\u00fan tus necesidades.Incluye:M\u00e1quina HYLA lista para usar.Capacitaci\u00f3n al momento de entregar la m\u00e1quina, demo de 15 minutos \u00a1no necesitas m\u00e1s!Una soluci\u00f3n pr\u00e1ctica, [&hellip;]\" \/>\n<meta property=\"og:url\" content=\"https:\/\/www.duoclean.cl\/index.php\/arriendo\/\" \/>\n<meta property=\"og:site_name\" content=\"duocleancl\" \/>\n<meta property=\"article:modified_time\" content=\"2025-08-08T15:15:54+00:00\" \/>\n<meta name=\"twitter:card\" content=\"summary_large_image\" \/>\n<script type=\"application\/ld+json\" class=\"yoast-schema-graph\">{\"@context\":\"https:\\\/\\\/schema.org\",\"@graph\":[{\"@type\":\"WebPage\",\"@id\":\"https:\\\/\\\/www.duoclean.cl\\\/index.php\\\/arriendo\\\/\",\"url\":\"https:\\\/\\\/www.duoclean.cl\\\/index.php\\\/arriendo\\\/\",\"name\":\"Arriendo - duocleancl\",\"isPartOf\":{\"@id\":\"https:\\\/\\\/www.duoclean.cl\\\/#website\"},\"datePublished\":\"2025-08-08T15:05:46+00:00\",\"dateModified\":\"2025-08-08T15:15:54+00:00\",\"breadcrumb\":{\"@id\":\"https:\\\/\\\/www.duoclean.cl\\\/index.php\\\/arriendo\\\/#breadcrumb\"},\"inLanguage\":\"es\",\"potentialAction\":[{\"@type\":\"ReadAction\",\"target\":[\"https:\\\/\\\/www.duoclean.cl\\\/index.php\\\/arriendo\\\/\"]}]},{\"@type\":\"BreadcrumbList\",\"@id\":\"https:\\\/\\\/www.duoclean.cl\\\/index.php\\\/arriendo\\\/#breadcrumb\",\"itemListElement\":[{\"@type\":\"ListItem\",\"position\":1,\"name\":\"Portada\",\"item\":\"https:\\\/\\\/www.duoclean.cl\\\/\"},{\"@type\":\"ListItem\",\"position\":2,\"name\":\"Arriendo\"}]},{\"@type\":\"WebSite\",\"@id\":\"https:\\\/\\\/www.duoclean.cl\\\/#website\",\"url\":\"https:\\\/\\\/www.duoclean.cl\\\/\",\"name\":\"duocleancl\",\"description\":\"\",\"potentialAction\":[{\"@type\":\"SearchAction\",\"target\":{\"@type\":\"EntryPoint\",\"urlTemplate\":\"https:\\\/\\\/www.duoclean.cl\\\/?s={search_term_string}\"},\"query-input\":{\"@type\":\"PropertyValueSpecification\",\"valueRequired\":true,\"valueName\":\"search_term_string\"}}],\"inLanguage\":\"es\"}]}<\/script>\n<!-- \/ Yoast SEO plugin. -->","yoast_head_json":{"title":"Arriendo - duocleancl","robots":{"index":"index","follow":"follow","max-snippet":"max-snippet:-1","max-image-preview":"max-image-preview:large","max-video-preview":"max-video-preview:-1"},"canonical":"https:\/\/www.duoclean.cl\/index.php\/arriendo\/","og_locale":"es_ES","og_type":"article","og_title":"Arriendo - duocleancl","og_description":"ARRIENDOHome \/\/ ArriendoASPIRADORA HYLAContamos con el servicio de arriendo de la m\u00e1quina HYLA, ideal para quienes prefieren organizarse y realizar personalmente un aseo profundo en su hogar.Puedes arrendarla por 24 o 48 horas, seg\u00fan tus necesidades.Incluye:M\u00e1quina HYLA lista para usar.Capacitaci\u00f3n al momento de entregar la m\u00e1quina, demo de 15 minutos \u00a1no necesitas m\u00e1s!Una soluci\u00f3n pr\u00e1ctica, [&hellip;]","og_url":"https:\/\/www.duoclean.cl\/index.php\/arriendo\/","og_site_name":"duocleancl","article_modified_time":"2025-08-08T15:15:54+00:00","twitter_card":"summary_large_image","schema":{"@context":"https:\/\/schema.org","@graph":[{"@type":"WebPage","@id":"https:\/\/www.duoclean.cl\/index.php\/arriendo\/","url":"https:\/\/www.duoclean.cl\/index.php\/arriendo\/","name":"Arriendo - duocleancl","isPartOf":{"@id":"https:\/\/www.duoclean.cl\/#website"},"datePublished":"2025-08-08T15:05:46+00:00","dateModified":"2025-08-08T15:15:54+00:00","breadcrumb":{"@id":"https:\/\/www.duoclean.cl\/index.php\/arriendo\/#breadcrumb"},"inLanguage":"es","potentialAction":[{"@type":"ReadAction","target":["https:\/\/www.duoclean.cl\/index.php\/arriendo\/"]}]},{"@type":"BreadcrumbList","@id":"https:\/\/www.duoclean.cl\/index.php\/arriendo\/#breadcrumb","itemListElement":[{"@type":"ListItem","position":1,"name":"Portada","item":"https:\/\/www.duoclean.cl\/"},{"@type":"ListItem","position":2,"name":"Arriendo"}]},{"@type":"WebSite","@id":"https:\/\/www.duoclean.cl\/#website","url":"https:\/\/www.duoclean.cl\/","name":"duocleancl","description":"","potentialAction":[{"@type":"SearchAction","target":{"@type":"EntryPoint","urlTemplate":"https:\/\/www.duoclean.cl\/?s={search_term_string}"},"query-input":{"@type":"PropertyValueSpecification","valueRequired":true,"valueName":"search_term_string"}}],"inLanguage":"es"}]}},"_links":{"self":[{"href":"https:\/\/www.duoclean.cl\/index.php\/wp-json\/wp\/v2\/pages\/277","targetHints":{"allow":["GET"]}}],"collection":[{"href":"https:\/\/www.duoclean.cl\/index.php\/wp-json\/wp\/v2\/pages"}],"about":[{"href":"https:\/\/www.duoclean.cl\/index.php\/wp-json\/wp\/v2\/types\/page"}],"author":[{"embeddable":true,"href":"https:\/\/www.duoclean.cl\/index.php\/wp-json\/wp\/v2\/users\/1"}],"replies":[{"embeddable":true,"href":"https:\/\/www.duoclean.cl\/index.php\/wp-json\/wp\/v2\/comments?post=277"}],"version-history":[{"count":3,"href":"https:\/\/www.duoclean.cl\/index.php\/wp-json\/wp\/v2\/pages\/277\/revisions"}],"predecessor-version":[{"id":287,"href":"https:\/\/www.duoclean.cl\/index.php\/wp-json\/wp\/v2\/pages\/277\/revisions\/287"}],"wp:attachment":[{"href":"https:\/\/www.duoclean.cl\/index.php\/wp-json\/wp\/v2\/media?parent=277"}],"curies":[{"name":"wp","href":"https:\/\/api.w.org\/{rel}","templated":true}]}}